{"id":813,"date":"2019-12-16T11:16:54","date_gmt":"2019-12-16T11:16:54","guid":{"rendered":"https:\/\/rustic.ro\/?page_id=813"},"modified":"2021-08-24T12:26:02","modified_gmt":"2021-08-24T12:26:02","slug":"dotari-tehnologice","status":"publish","type":"page","link":"https:\/\/rustic.ro\/en\/equipment\/","title":{"rendered":"Equipment"},"content":{"rendered":"<div class=\"vc_row wpb_row vc_row-fluid\"><div class=\"wpb_column vc_column_container vc_col-sm-12\"><div class=\"vc_column-inner\"><div class=\"wpb_wrapper\">\n\n    <main\n            class=\"page-header-3\"  >\n        <div class=\"container\">\n            <div class=\"row\">\n                <div class=\"col-md-3\">\n                    <div class=\"title-hr\"><\/div>\n                <\/div>\n                <div class=\"col-md-8 col-lg-6\"><h1>Equipment<\/h1><\/div>\n            <\/div>\n        <\/div>\n    <\/main>\n\t\n\n    <section             class=\"section-about\">\n        <div class=\"container\">\n            <div class=\"row\">\n                <div class=\"col-md-6\">\n                    <strong class=\"section-subtitle\"><\/strong>\n                    <h2 class=\"section-title section-about-title\">Hundegger K2i<\/h2>\n                    <p>K2i este utilajul de baz\u0103 folosit de firma noastr\u0103 la prelucrarea lemnului pentru diverse utiliz\u0103ri, \u00eencep\u00e2nd de la casele pe sistem Framing, casele din b\u00e2rn\u0103 rectangular\u0103 cu dublu nut \u0219i federe Blockhaus, ferme din lemn, p\u00e2n\u0103 la elemente mici cum ar fi, elemente de la balcoane, terase, etc.<\/p>\n                    <div class=\"experience-box\">\n\t                                            <div class=\"experience-content\">\n                            <div class=\"experience-number\"><\/div>\n                            <div\n                                    class=\"experience-info wow fadeInDown\"><\/div>\n                        <\/div>\n                    <\/div>\n\n                <\/div>\n                <div class=\"col-md-5 col-md-offset-1\">\n                    <div class=\"dots-image\">\n\n\t\t\t\t\t\t                            <img alt=\"\" class=\"about-img img-responsive\" src=\"https:\/\/rustic.ro\/wp-content\/uploads\/2020\/01\/Hundegger-K2i-Station-Woodway.jpg\">\n\t\t\t\t\t\t\t\n\n                        <div class=\"dots\"><\/div>\n                    <\/div>\n                <\/div>\n            <\/div>\n        <\/div>\n    <\/section>\n\n\n\t\n\n    <section             class=\"section-about\">\n        <div class=\"container\">\n            <div class=\"row\">\n                <div class=\"col-md-6\">\n                    <strong class=\"section-subtitle\"><\/strong>\n                    <h2 class=\"section-title section-about-title\">Weinmann framing Station<\/h2>\n                    <p>Linia este alc\u0103tuit\u0103 dintr-o punte multifunc\u021bional\u0103 care se folose\u0219te la realizarea panourilor de tip framing. Aceasta capseaz\u0103, cu agrafe, pl\u0103cile de OSB de structura peretelui, debitarea acestora pe contur, creearea de goluri pentru t\u00e2mpl\u0103rie sau a loca\u0219urilor pentru instala\u021biile electrice, termice \u0219i sanitare.<\/p>\n                    <div class=\"experience-box\">\n\t                                            <div class=\"experience-content\">\n                            <div class=\"experience-number\"><\/div>\n                            <div\n                                    class=\"experience-info wow fadeInDown\"><\/div>\n                        <\/div>\n                    <\/div>\n\n                <\/div>\n                <div class=\"col-md-5 col-md-offset-1\">\n                    <div class=\"dots-image\">\n\n\t\t\t\t\t\t                            <img alt=\"\" class=\"about-img img-responsive\" src=\"https:\/\/rustic.ro\/wp-content\/uploads\/2020\/01\/Weinman-framing-Station-Woodway.jpg\">\n\t\t\t\t\t\t\t\n\n                        <div class=\"dots\"><\/div>\n                    <\/div>\n                <\/div>\n            <\/div>\n        <\/div>\n    <\/section>\n\n\n\t\n\n    <section             class=\"section-about\">\n        <div class=\"container\">\n            <div class=\"row\">\n                <div class=\"col-md-6\">\n                    <strong class=\"section-subtitle\"><\/strong>\n                    <h2 class=\"section-title section-about-title\">Homag BOFF 211 Edition XXL<\/h2>\n                    <p>Cu ajutorul acestui CNC se poate realiza profilarea sau \u00eembinarea oric\u0103rui tip de elemente din lemn. Elementele realizate pe acest centru numeric \u00eencep de la diverse profile pentru u\u0219i, ferestre, sc\u0103ri, mobilier, \u0219i ajung p\u00e2n\u0103 la \u00eembin\u0103ri pentru diferite elemente structurale, chiar \u0219i inscrip\u021bion\u0103ri.<\/p>\n<p>Toate acestea sunt posibile, datorit\u0103 motorului \u00een 5 axe cu care acest utilaj este echipat.<\/p>\n                    <div class=\"experience-box\">\n\t                                            <div class=\"experience-content\">\n                            <div class=\"experience-number\"><\/div>\n                            <div\n                                    class=\"experience-info wow fadeInDown\"><\/div>\n                        <\/div>\n                    <\/div>\n\n                <\/div>\n                <div class=\"col-md-5 col-md-offset-1\">\n                    <div class=\"dots-image\">\n\n\t\t\t\t\t\t                            <img alt=\"\" class=\"about-img img-responsive\" src=\"https:\/\/rustic.ro\/wp-content\/uploads\/2020\/03\/1.jpg\">\n\t\t\t\t\t\t\t\n\n                        <div class=\"dots\"><\/div>\n                    <\/div>\n                <\/div>\n            <\/div>\n        <\/div>\n    <\/section>\n\n\n\t\n\n    <section             class=\"section-about\">\n        <div class=\"container\">\n            <div class=\"row\">\n                <div class=\"col-md-6\">\n                    <strong class=\"section-subtitle\"><\/strong>\n                    <h2 class=\"section-title section-about-title\">Weining Powermat 1200<\/h2>\n                    <p>Cu acest utilaj se prelucreaz\u0103 elementele din lemn de la diversele sec\u021biuni rezultate \u00een urma procesului de tipizare la sec\u021biuni finite, plane. Cu Weining Powermat elementele pot fi rindeluite pe 2 sau 4 fe\u021be \u0219i se pot realiza diverse profile<\/p>\n                    <div class=\"experience-box\">\n\t                                            <div class=\"experience-content\">\n                            <div class=\"experience-number\"><\/div>\n                            <div\n                                    class=\"experience-info wow fadeInDown\"><\/div>\n                        <\/div>\n                    <\/div>\n\n                <\/div>\n                <div class=\"col-md-5 col-md-offset-1\">\n                    <div class=\"dots-image\">\n\n\t\t\t\t\t\t                            <img alt=\"\" class=\"about-img img-responsive\" src=\"https:\/\/rustic.ro\/wp-content\/uploads\/2020\/03\/Weinig_Powermat_1200-1.jpg\">\n\t\t\t\t\t\t\t\n\n                        <div class=\"dots\"><\/div>\n                    <\/div>\n                <\/div>\n            <\/div>\n        <\/div>\n    <\/section>\n\n\n\t<\/div><\/div><\/div><\/div><div class=\"vc_row wpb_row vc_row-fluid\"><div class=\"wpb_column vc_column_container vc_col-sm-12\"><div class=\"vc_column-inner\"><div class=\"wpb_wrapper\">\n\t<div class=\"wpb_text_column wpb_content_element\" >\n\t\t<div class=\"wpb_wrapper\">\n\t\t\t\n\t\t<\/div>\n\t<\/div>\n<\/div><\/div><\/div><\/div><div data-vc-full-width=\"true\" data-vc-full-width-init=\"false\" class=\"vc_row wpb_row vc_row-fluid vc_custom_1584695155079 vc_row-has-fill\"><div class=\"wpb_column vc_column_container vc_col-sm-12\"><div class=\"vc_column-inner\"><div class=\"wpb_wrapper\"><section class=\"vc_cta3-container\"><div class=\"vc_general vc_cta3 vc_cta3-style-outline vc_cta3-shape-square vc_cta3-align-center vc_cta3-color-white vc_cta3-icon-size-md vc_cta3-actions-bottom\"><div class=\"vc_cta3_content-container\"><div class=\"vc_cta3-content\"><header class=\"vc_cta3-content-header\"><h2>Do you want to start a project?<\/h2><\/header><p>Tell us a few details about what you want and we will give you an estimate in the shortest time.<\/p>\n<\/div><div class=\"vc_cta3-actions\"><div class=\"vc_btn3-container vc_btn3-center\" ><a class=\"vc_general vc_btn3 vc_btn3-size-md vc_btn3-shape-square vc_btn3-style-outline vc_btn3-color-white\" href=\"https:\/\/rustic.ro\/en\/form\/\" title=\"\">Request for quotation<\/a><\/div><\/div><\/div><\/div><\/section><\/div><\/div><\/div><\/div><div class=\"vc_row-full-width vc_clearfix\"><\/div>","protected":false},"excerpt":{"rendered":"Dot\u0103ri Hundegger K2i K2i este utilajul de baz\u0103 folosit de firma noastr\u0103 la prelucrarea lemnului pentru diverse utiliz\u0103ri, \u00eencep\u00e2nd de la casele pe sistem Framing, casele din b\u00e2rn\u0103 rectangular\u0103 cu dublu nut \u0219i federe Blockhaus, ferme din lemn, p\u00e2n\u0103 la elemente mici cum ar fi, elemente de la balcoane, terase, etc. Weinmann framing Station Linia [...]","protected":false},"author":1,"featured_media":0,"parent":0,"menu_order":0,"comment_status":"closed","ping_status":"closed","template":"template-contacts.php","meta":{"_mi_skip_tracking":false},"yst_prominent_words":[],"_links":{"self":[{"href":"https:\/\/rustic.ro\/en\/wp-json\/wp\/v2\/pages\/813"}],"collection":[{"href":"https:\/\/rustic.ro\/en\/wp-json\/wp\/v2\/pages"}],"about":[{"href":"https:\/\/rustic.ro\/en\/wp-json\/wp\/v2\/types\/page"}],"author":[{"embeddable":true,"href":"https:\/\/rustic.ro\/en\/wp-json\/wp\/v2\/users\/1"}],"replies":[{"embeddable":true,"href":"https:\/\/rustic.ro\/en\/wp-json\/wp\/v2\/comments?post=813"}],"version-history":[{"count":5,"href":"https:\/\/rustic.ro\/en\/wp-json\/wp\/v2\/pages\/813\/revisions"}],"predecessor-version":[{"id":2613,"href":"https:\/\/rustic.ro\/en\/wp-json\/wp\/v2\/pages\/813\/revisions\/2613"}],"wp:attachment":[{"href":"https:\/\/rustic.ro\/en\/wp-json\/wp\/v2\/media?parent=813"}],"wp:term":[{"taxonomy":"yst_prominent_words","embeddable":true,"href":"https:\/\/rustic.ro\/en\/wp-json\/wp\/v2\/yst_prominent_words?post=813"}],"curies":[{"name":"wp","href":"https:\/\/api.w.org\/{rel}","templated":true}]}}