{"id":1732,"date":"2020-03-20T08:24:16","date_gmt":"2020-03-20T08:24:16","guid":{"rendered":"https:\/\/rustic.ro\/?page_id=1732"},"modified":"2020-04-12T13:05:50","modified_gmt":"2020-04-12T13:05:50","slug":"politica-de-utilizare-cookies","status":"publish","type":"page","link":"https:\/\/rustic.ro\/en\/politica-de-utilizare-cookies\/","title":{"rendered":"Cookies policy"},"content":{"rendered":"<div class=\"vc_row wpb_row vc_row-fluid\"><div class=\"wpb_column vc_column_container vc_col-sm-12\"><div class=\"vc_column-inner\"><div class=\"wpb_wrapper\">\n\n    <main\n            class=\"page-header-3\"  >\n        <div class=\"container\">\n            <div class=\"row\">\n                <div class=\"col-md-3\">\n                    <div class=\"title-hr\"><\/div>\n                <\/div>\n                <div class=\"col-md-8 col-lg-6\"><h1>Cookies policy<\/h1><\/div>\n            <\/div>\n        <\/div>\n    <\/main>\n\t<\/div><\/div><\/div><\/div><div class=\"vc_row wpb_row vc_row-fluid vc_custom_1585911504970\"><div class=\"wpb_column vc_column_container vc_col-sm-2\"><div class=\"vc_column-inner\"><div class=\"wpb_wrapper\"><\/div><\/div><\/div><div class=\"wpb_column vc_column_container vc_col-sm-8\"><div class=\"vc_column-inner\"><div class=\"wpb_wrapper\">\n\t<div class=\"wpb_text_column wpb_content_element\" >\n\t\t<div class=\"wpb_wrapper\">\n\t\t\t<h2>Directiva privind fi\u0219ierele Cookie<\/h2>\n<p>Protejarea sferei dumneavoastr\u0103 private \u00een timpul utiliz\u0103rii paginii noastre web reprezint\u0103 pentru noi un aspect extrem de important. De aceea v\u0103 inform\u0103m, \u00een continuare, \u00een detaliu cu privire la colectarea datelor cu caracter personal \u0219i a datelor f\u0103r\u0103 caracter personal, prin fi\u015fierele Cookies.<\/p>\n<p>Dreptul de utilizare a datelor cu caracter personal \u0219i a datelor cu caracter anonim revine societ\u0103\u021bii S.C. Rustic S.R.L., numit\u0103 \u00een continuare Rustic, \u00een limitele prev\u0103zute de lege, except\u00e2nd drepturile persoanelor vizate descrise \u00een continuare.<\/p>\n<p>Pe aceast\u0103 pagin\u0103 web se utilizeaz\u0103 software pentru analiza utiliz\u0103rii paginilor web. Prin evaluarea acestor date se pot ob\u021bine informa\u021bii utile cu privire la nevoile utilizatorilor. Aceste informa\u021bii contribuie la \u00eembun\u0103t\u0103\u021birea calit\u0103\u021bii ofertei \u0219i experien\u021bei de navigare. Mai concret, pentru fiecare consultare se stocheaz\u0103 f\u0103r\u0103 restric\u021bii urm\u0103torul set de date:<\/p>\n<ul>\n<li>Forma anonimizat\u0103 a adresei IP a computerului care transmite solicitarea<\/li>\n<li>Data \u0219i ora consult\u0103rii, respectiv solicit\u0103rii<\/li>\n<li>Numele paginii consultate sau a fi\u0219ierului consultat<\/li>\n<li>Referire la pagina de pe care se consult\u0103 aceast\u0103 pagin\u0103<\/li>\n<li>Browser-ul folosit de utilizator, inclusiv versiunea browser-ului<\/li>\n<li>Sistemul de operare folosit de utilizator<\/li>\n<\/ul>\n<h3>1. Ce este un Cookie?<\/h3>\n<p>Un Cookie este un mic fi\u0219ier text care salveaz\u0103 set\u0103rile pentru internet. Aproape fiecare pagin\u0103 web folose\u0219te aceast\u0103 tehnologie. Aceasta este desc\u0103rcat\u0103 de browser-ul dumneavoastr\u0103 de internet la prima accesare a unei pagini web. La urm\u0103toarea accesare a acestei pagini web cu acela\u0219i dispozitiv, Cookie-urile \u0219i informa\u021biile salvate sunt fie trimise \u00eenapoi la pagina web care le-a creat (First Party Cookie) sau c\u0103tre o alt\u0103 pagin\u0103 web c\u0103reia \u00eei apar\u021bin (Third Party Cookie). Astfel, pagina web recunoa\u0219te c\u0103 a\u021bi mai accesat o dat\u0103 pagina cu acest browser \u0219i variaz\u0103 \u00een unele cazuri con\u021binutul afi\u0219at.<\/p>\n<p>Unele fi\u0219iere Cookie sunt foarte utile pentru c\u0103 pot \u00eembun\u0103t\u0103\u021bi experien\u021ba utilizatorului \u00een cazul reacces\u0103rii respectivei pagini web. Cu condi\u021bia s\u0103 utiliza\u021bi acela\u0219i terminal \u0219i acela\u0219i browser ca p\u00e2n\u0103 acum, fi\u0219ierele Cookie \u00ee\u0219i amintesc, de exemplu, preferin\u021bele dumneavoastr\u0103, comunic\u0103 cum utiliza\u021bi o pagin\u0103 \u0219i adapteaz\u0103 informa\u021biile afi\u0219ate intereselor \u0219i nevoilor dumneavoastr\u0103 personale. Cele mai multe Cookie-uri folosite de noi se \u0219terg automat de pe hard disk-ul dumneavoastr\u0103 dup\u0103 finalizarea sesiunii browser-ului (\u201eSession Cookies\u201d). \u00cen plus, folosim \u0219i Cookie-uri care r\u0103m\u00e2n pe hard disk-ul dumneavoastr\u0103 \u0219i dup\u0103 finalizarea sesiunii. Acest lucru urm\u0103re\u0219te \u00een principal \u00eembun\u0103t\u0103\u021birea experien\u021bei utilizatorului \u00een cazul unei noi acces\u0103ri a paginii web, prin adaptarea ulterioar\u0103 a paginii web la nevoile dumneavoastr\u0103 personale, optimiz\u00e2nd astfel timpul de \u00eenc\u0103rcare.<\/p>\n<h3>2. Set\u0103rile pentru Cookie-uri pe aceast\u0103 pagin\u0103 web<\/h3>\n<h4>\u00a0 \u00a0 2.1. First Party Cookies care necesit\u0103 acordul dumneavoastr\u0103<\/h4>\n<p>Fi\u0219iere Cookie care, conform defini\u021biei juridice, nu sunt neap\u0103rat necesare pentru a putea utiliza pagina web, care \u00eens\u0103 \u00eendeplinesc sarcini importante. F\u0103r\u0103 aceste fi\u0219iere Cookie, func\u021bii care asigur\u0103 o navigare confortabil\u0103 pe pagina noastr\u0103 web, cum ar fi, de exemplu, formularele pre-completate, nu ar mai fi disponibile.<\/p>\n<p>\u00cen cele ce urmeaz\u0103 sunt enumerate First Party Cookies \u00eempreun\u0103 cu o descriere detaliat\u0103:<\/p>\n<p><strong>\u2022 Denumirea fi\u0219ierului Cookie: Time Cookie &#8211; Sarcin\u0103:\u00a0<\/strong>stocheaz\u0103 data \u015fi ora la care pagina web a fost accesat\u0103.<\/p>\n<p><strong>\u2022 Denumirea fi\u0219ierului Cookie: _mcnc Cookie &#8211; Sarcin\u0103: <\/strong>acest fi\u015fier permite \u00eenc\u0103rcarea automat\u0103 a unor resurse ale paginii direct din dispozitivul dumneavoastr\u0103 f\u0103r\u0103 s\u0103 le mai solicite \u00eenc\u0103 o dat\u0103 de la server (\u00eencarc\u0103 con\u0163inutul\u00a0\u00een timpul minim posibil \u00een func\u0163ie de cache).<\/p>\n<p><strong>\u2022 Denumirea fi\u0219ierului Cookie: devicePixelRatio Cookie &#8211; Sarcin\u0103:\u00a0<\/strong>Acest modul cookie \u00eenregistreaz\u0103 raportul pixelilor dispozitivului dumneavoastr\u0103. \u00cen func\u0163ie de rezolu\u0163ia ecranului, site-ul poate alege s\u0103 v\u0103 ofere grafic\u0103 cu rezolu\u0163ie mai mare sau mai mic\u0103.<\/p>\n<h4>\u00a0 \u00a0 2.2. Third-Party Cookies care necesit\u0103 acordul dumneavoastr\u0103<\/h4>\n<p>Pe aceast\u0103 pagin\u0103 web au fost integrate \u0219i con\u021binuturi apar\u021bin\u00e2nd ter\u021bilor. Ace\u0219ti furnizori ter\u021bi pot plasa teoretic Cookie-uri, \u00een timp ce dumneavoastr\u0103 vizita\u021bi pagina web \u0219i pot ob\u021bine astfel informa\u021bii privind accesarea de c\u0103tre dumneavoastr\u0103 a uneia din paginile noastre web. V\u0103 rug\u0103m s\u0103 accesa\u021bi paginile web ale furnizorilor ter\u021bi pentru a ob\u021bine informa\u021bii privind utilizarea Cookie-urilor de c\u0103tre ace\u0219tia.<\/p>\n<h4>Servicii de tracking (urm\u0103rire) utilizate &#8211; Google Analytics<\/h4>\n<p>Un modul cookie de urm\u0103rire duce procesul obi\u015fnuit cu un pas mai departe \u015fi utilizeaz\u0103 informa\u0163iile dumneavoastr\u0103 \u00eempreun\u0103 cu datele a milioane de al\u0163i utilizatori anonimi, pentru o analiza statistic\u0103 a comportamentului utilizatorilor de pe site.<\/p>\n<p><strong>Denumirea fi\u0219ierelor<\/strong>: 1. _ga, 2. _gid, 3. _gat_gtag_UA_121912025_1 &#8211; Aceste tipuri de cookies permit monitorizarea site-ului web de c\u0103tre Google Analytics, un serviciu oferit de Google pentru a ob\u021bine informa\u021bii cu privire la acces\u0103rile site-ului web de c\u0103tre utilizatori. C\u00e2teva dintre datele salvate pentru analize ulterioare sunt: de c\u00e2te ori utilizatorul viziteaz\u0103 site-ul web, data primei \u0219i ultimei vizite a utilizatorului, durata vizitelor, de pe ce pagin\u0103 utilizatorul a accesat site-ul web, ce motor de c\u0103utare a folosit utilizatorul pentru a ajunge pe site sau pe ce link a f\u0103cut click, de unde din lume utilizator a accesat site-ul, etc. Configurarea acestor cookie-uri este predeterminat\u0103 de serviciul oferit de Google, din acest motiv \u00ee\u021bi suger\u0103m s\u0103 consul\u021bi pagina referitoare la confiden\u021bialitate a Google Analytics, https:\/\/policies.google.com\/technologies\/types, pentru a ob\u021bine mai multe informa\u021bii cu privire la cookie-urile pe care le folose\u0219te \u0219i cum se pot dezactiva (se \u00een\u021belege c\u0103 nu ne facem responsabili de con\u021binutul site-urilor web apar\u021bin\u00e2nd a ter\u021be p\u0103r\u021bi \u0219i nici de veridicitatea acestuia).<\/p>\n<h4>3. Set\u0103rile fi\u0219ierelor dumneavoastr\u0103 cookie<\/h4>\n<p>Pute\u021bi seta browser-ul dumneavoastr\u0103 \u00een a\u0219a fel \u00eenc\u00e2t fi\u0219ierele Cookie s\u0103 fie create doar cu acordul dumneavoastr\u0103 sau s\u0103 fie \u00een general refuzate. V\u0103 rug\u0103m \u00eens\u0103 s\u0103 re\u021bine\u021bi c\u0103 f\u0103r\u0103 fi\u0219iere Cookie, anumite zone ale paginii web nu pot fi utilizate sau sunt doar \u00een mod limitat utilizabile.<\/p>\n<p>Ave\u021bi posibilitatea de a controla utilizarea de \u201eCookies\u201d \u0219i de a o \u00eempiedica, \u00een cazul \u00een care v\u0103 configura\u021bi browser-ul dup\u0103 cum urmeaz\u0103:<\/p>\n<p>\u2022 Internet Explorer, a se consulta \u00een acest sens (https:\/\/support.microsoft.com\/de-at\/help\/17442\/windows-internet-explorer-delete-manage-cookies) Extras &#8211; Op\u021biuni de internet &#8211; card de \u00eenregistrare \u201eExtins\u201d &#8211; la sec\u021biunea Securitate bifa\u021bi \u201eTrimite solicit\u0103ri de tip \u201eDo Not Track\u201d c\u0103tre paginile web vizitate cu Internet Explorer \u201eDo Not Track\u201d \u2013 confirma\u021bi<br \/>\n\u2022 Firefox, a se consulta \u00een acest sens (https:\/\/support.mozilla.org\/de\/kb\/cookies-loeschen-daten-von-websites-entfernen) Meniu &#8211; Set\u0103ri &#8211; Protec\u021bia datelor &#8211; la sec\u021biunea Cronic\u0103 bifa\u021bi \u201eCrea\u021bi set\u0103rile definite de utilizator\u201d &#8211; la sec\u021biunea \u201eCookies\u201d efectua\u021bi set\u0103rile dorite \u2013 confirma\u021bi<br \/>\n\u2022 Google Chrome, a se consulta \u00een acest sens<br \/>\n(https:\/\/support.google.com\/chrome\/answer\/95647?co=GENIE.Platform%3DDesktop&amp;hl=de) Meniu &#8211; Set\u0103ri &#8211; Set\u0103ri extinse &#8211; la sec\u021biunea \u201eProtec\u021bia datelor\u201d face\u021bi clic pe \u201eSet\u0103ri con\u021binut\u201d &#8211; la sec\u021biunea \u201eCookies\u201d bifa\u021bi rubricile dorite \u2013 confirma\u021bi<br \/>\n\u2022 Safari, a se consulta \u00een acest sens (https:\/\/support.apple.com\/kb\/ph21411?locale=de_DE) Safari &#8211; Set\u0103ri &#8211; Protec\u021bia datelor &#8211; la sec\u021biunea \u201eCookies \u0219i datele paginii web\u201d efectua\u021bi set\u0103rile dorite \u2013 confirma\u021bi.<\/p>\n\n\t\t<\/div>\n\t<\/div>\n<\/div><\/div><\/div><div class=\"wpb_column vc_column_container vc_col-sm-2\"><div class=\"vc_column-inner\"><div class=\"wpb_wrapper\"><\/div><\/div><\/div><\/div><div data-vc-full-width=\"true\" data-vc-full-width-init=\"false\" class=\"vc_row wpb_row vc_row-fluid vc_custom_1584695155079 vc_row-has-fill\"><div class=\"wpb_column vc_column_container vc_col-sm-12\"><div class=\"vc_column-inner\"><div class=\"wpb_wrapper\"><section class=\"vc_cta3-container\"><div class=\"vc_general vc_cta3 vc_cta3-style-outline vc_cta3-shape-square vc_cta3-align-center vc_cta3-color-white vc_cta3-icon-size-md vc_cta3-actions-bottom\"><div class=\"vc_cta3_content-container\"><div class=\"vc_cta3-content\"><header class=\"vc_cta3-content-header\"><h2>Do you want to start a project?<\/h2><\/header><p>Tell us a few details about what you want and we will give you an estimate in the shortest time.<\/p>\n<\/div><div class=\"vc_cta3-actions\"><div class=\"vc_btn3-container vc_btn3-center\" ><a class=\"vc_general vc_btn3 vc_btn3-size-md vc_btn3-shape-square vc_btn3-style-outline vc_btn3-color-white\" href=\"https:\/\/rustic.ro\/en\/form\/\" title=\"\">Request for quotation<\/a><\/div><\/div><\/div><\/div><\/section><\/div><\/div><\/div><\/div><div class=\"vc_row-full-width vc_clearfix\"><\/div>","protected":false},"excerpt":{"rendered":"Politica de utilizare cookies Directiva privind fi\u0219ierele Cookie Protejarea sferei dumneavoastr\u0103 private \u00een timpul utiliz\u0103rii paginii noastre web reprezint\u0103 pentru noi un aspect extrem de important. De aceea v\u0103 inform\u0103m, \u00een continuare, \u00een detaliu cu privire la colectarea datelor cu caracter personal \u0219i a datelor f\u0103r\u0103 caracter personal, prin fi\u015fierele Cookies. Dreptul de utilizare a [...]","protected":false},"author":1,"featured_media":0,"parent":0,"menu_order":0,"comment_status":"closed","ping_status":"closed","template":"template-contacts.php","meta":{"_mi_skip_tracking":false},"yst_prominent_words":[],"_links":{"self":[{"href":"https:\/\/rustic.ro\/en\/wp-json\/wp\/v2\/pages\/1732"}],"collection":[{"href":"https:\/\/rustic.ro\/en\/wp-json\/wp\/v2\/pages"}],"about":[{"href":"https:\/\/rustic.ro\/en\/wp-json\/wp\/v2\/types\/page"}],"author":[{"embeddable":true,"href":"https:\/\/rustic.ro\/en\/wp-json\/wp\/v2\/users\/1"}],"replies":[{"embeddable":true,"href":"https:\/\/rustic.ro\/en\/wp-json\/wp\/v2\/comments?post=1732"}],"version-history":[{"count":0,"href":"https:\/\/rustic.ro\/en\/wp-json\/wp\/v2\/pages\/1732\/revisions"}],"wp:attachment":[{"href":"https:\/\/rustic.ro\/en\/wp-json\/wp\/v2\/media?parent=1732"}],"wp:term":[{"taxonomy":"yst_prominent_words","embeddable":true,"href":"https:\/\/rustic.ro\/en\/wp-json\/wp\/v2\/yst_prominent_words?post=1732"}],"curies":[{"name":"wp","href":"https:\/\/api.w.org\/{rel}","templated":true}]}}