{"id":155,"date":"2017-04-19T07:58:39","date_gmt":"2017-04-19T07:58:39","guid":{"rendered":"https:\/\/rustic.ro\/?page_id=155"},"modified":"2021-12-06T14:00:52","modified_gmt":"2021-12-06T14:00:52","slug":"contact","status":"publish","type":"page","link":"https:\/\/rustic.ro\/en\/contact\/","title":{"rendered":"Contact"},"content":{"rendered":"<div class=\"vc_row wpb_row vc_row-fluid\"><div class=\"wpb_column vc_column_container vc_col-sm-12\"><div class=\"vc_column-inner\"><div class=\"wpb_wrapper\">\n\n    <main\n            class=\"page-header-3\"  >\n        <div class=\"container\">\n            <div class=\"row\">\n                <div class=\"col-md-3\">\n                    <div class=\"title-hr\"><\/div>\n                <\/div>\n                <div class=\"col-md-8 col-lg-6\"><h1>Contact Us<\/h1><\/div>\n            <\/div>\n        <\/div>\n    <\/main>\n\t<\/div><\/div><\/div><\/div><div class=\"vc_row wpb_row vc_row-fluid\"><div class=\"wpb_column vc_column_container vc_col-sm-12\"><div class=\"vc_column-inner\"><div class=\"wpb_wrapper\">\n\n    <section    >\n        <div class=\"container\">\n            <div class=\"row\">\n                <div class=\"col-md-3\">\n                    <div class=\"section-info\">\n                        <div class=\"title-hr\"><\/div>\n                        <div class=\"info-title\">KEEP IN TOUCH<\/div>\n                    <\/div>\n                <\/div>\n                <div class=\"col-md-9\">\n                    <div class=\"row-contact row\">\n                        <div class=\"col-contact col-lg-6\">\n                            <h3 class=\"contact-title contact-top\">Baia Mare, Maramure\u0219<\/h3>\n                            <p class=\"contact-address text-muted\"><strong>Str. Victoriei nr. 136A Baia Mare Maramures 430061<\/strong><\/p>\n\t\t\t\t\t\t\t                                    <p class=\"contact-row\"><strong class=\"text-dark\">Email:<\/strong> rustic@rustic.ro<\/p>\n\t\t\t\t\t\t\t\t                        <\/div>\n                        <div class=\"col-contact col-lg-6\">\n                            <p class=\"contact-top\"><strong\n                                        class=\"text-muted\">Call Us:<\/strong><\/p>\n                            <p class=\"phone-lg text-dark\">+40 744 555 752<\/p>\n                            <p class=\"text-muted\"><strong class=\"text-dark\">Work program:<\/strong><br>\n\t\t\t\t\t\t\t\tMonday - Friday: 08:00 - 17:30<br \/>\nSaturday: 08:00 - 12:00<\/p>\n                            <div class=\"text-muted\"><strong\n                                        class=\"text-dark\">Follow Us:<\/strong><br>\n                                <div class=\"contact-social social-list\">\n\n\t\t\t\t\t\t\t\t\t                                            <a href=\"https:\/\/www.facebook.com\/rusticconstructromania\/\" class=\"icon  icon ion-social-facebook\"><\/a>\n\t\t\t\t\t\t\t\t\t\t                                            <a href=\"https:\/\/www.instagram.com\/rustic.constructions\/\" class=\"icon  icon ion-social-instagram-outline\"><\/a>\n\t\t\t\t\t\t\t\t\t\t                                <\/div>\n                            <\/div>\n                        <\/div>\n                    <\/div>\n                <\/div>\n            <\/div>\n        <\/div>\n    <\/section>\n\n\n\t<\/div><\/div><\/div><\/div><div class=\"vc_row wpb_row vc_row-fluid\"><div class=\"wpb_column vc_column_container vc_col-sm-1\/5\"><div class=\"vc_column-inner\"><div class=\"wpb_wrapper\"><\/div><\/div><\/div><div class=\"wpb_column vc_column_container vc_col-sm-3\/5\"><div class=\"vc_column-inner\"><div class=\"wpb_wrapper\"><script type=\"text\/javascript\">var gform;gform||(document.addEventListener(\"gform_main_scripts_loaded\",function(){gform.scriptsLoaded=!0}),window.addEventListener(\"DOMContentLoaded\",function(){gform.domLoaded=!0}),gform={domLoaded:!1,scriptsLoaded:!1,initializeOnLoaded:function(o){gform.domLoaded&&gform.scriptsLoaded?o():!gform.domLoaded&&gform.scriptsLoaded?window.addEventListener(\"DOMContentLoaded\",o):document.addEventListener(\"gform_main_scripts_loaded\",o)},hooks:{action:{},filter:{}},addAction:function(o,n,r,t){gform.addHook(\"action\",o,n,r,t)},addFilter:function(o,n,r,t){gform.addHook(\"filter\",o,n,r,t)},doAction:function(o){gform.doHook(\"action\",o,arguments)},applyFilters:function(o){return gform.doHook(\"filter\",o,arguments)},removeAction:function(o,n){gform.removeHook(\"action\",o,n)},removeFilter:function(o,n,r){gform.removeHook(\"filter\",o,n,r)},addHook:function(o,n,r,t,i){null==gform.hooks[o][n]&&(gform.hooks[o][n]=[]);var e=gform.hooks[o][n];null==i&&(i=n+\"_\"+e.length),gform.hooks[o][n].push({tag:i,callable:r,priority:t=null==t?10:t})},doHook:function(n,o,r){var t;if(r=Array.prototype.slice.call(r,1),null!=gform.hooks[n][o]&&((o=gform.hooks[n][o]).sort(function(o,n){return o.priority-n.priority}),o.forEach(function(o){\"function\"!=typeof(t=o.callable)&&(t=window[t]),\"action\"==n?t.apply(null,r):r[0]=t.apply(null,r)})),\"filter\"==n)return r[0]},removeHook:function(o,n,t,i){var r;null!=gform.hooks[o][n]&&(r=(r=gform.hooks[o][n]).filter(function(o,n,r){return!!(null!=i&&i!=o.tag||null!=t&&t!=o.priority)}),gform.hooks[o][n]=r)}});<\/script>\n                <div class='gf_browser_gecko gform_wrapper gform_legacy_markup_wrapper gform-theme--no-framework' data-form-theme='legacy' data-form-index='0' id='gform_wrapper_5' >\n                        <div class='gform_heading'>\n                            <h3 class=\"gform_title\">Contact Us<\/h3>\n                        <\/div><form method='post' enctype='multipart\/form-data'  id='gform_5'  action='\/en\/wp-json\/wp\/v2\/pages\/155' data-formid='5' data-trp-original-action=\"\/en\/wp-json\/wp\/v2\/pages\/155\" >\n                        <div class='gform-body gform_body'><ul id='gform_fields_5' class='gform_fields top_label form_sublabel_below description_below'><li id=\"field_5_1\"  class=\"gfield gfield--type-name gf_left_third field_sublabel_hidden_label gfield--no-description field_description_below gfield_visibility_visible\"  data-js-reload=\"field_5_1\"><label class='gfield_label gform-field-label gfield_label_before_complex'  >Name<\/label><div class='ginput_complex ginput_container ginput_container--name no_prefix has_first_name no_middle_name no_last_name no_suffix gf_name_has_1 ginput_container_name gform-grid-row' id='input_5_1'>\n                            \n                            <span id='input_5_1_3_container' class='name_first gform-grid-col gform-grid-col--size-auto' >\n                                                    <input type='text' name='input_1.3' id='input_5_1_3' value=''   aria-required='false'     \/>\n                                                    <label for='input_5_1_3' class='gform-field-label gform-field-label--type-sub hidden_sub_label screen-reader-text'>Nume complet<\/label>\n                                                <\/span>\n                            \n                            \n                            \n                        <\/div><\/li><li id=\"field_5_2\"  class=\"gfield gfield--type-email gf_middle_third field_sublabel_below gfield--no-description field_description_below gfield_visibility_visible\"  data-js-reload=\"field_5_2\"><label class='gfield_label gform-field-label' for='input_5_2' >Email<\/label><div class='ginput_container ginput_container_email'>\n                            <input name='input_2' id='input_5_2' type='text' value='' class='medium'     aria-invalid=\"false\"  \/>\n                        <\/div><\/li><li id=\"field_5_3\"  class=\"gfield gfield--type-post_custom_field gfield--input-type-text gf_right_third field_sublabel_below gfield--no-description field_description_below gfield_visibility_visible\"  data-js-reload=\"field_5_3\"><label class='gfield_label gform-field-label' for='input_5_3' >Subjects<\/label><div class='ginput_container ginput_container_text'><input name='input_3' id='input_5_3' type='text' value='' class='medium'      aria-invalid=\"false\"   \/> <\/div><\/li><li id=\"field_5_4\"  class=\"gfield gfield--type-textarea field_sublabel_below gfield--no-description field_description_below gfield_visibility_visible\"  data-js-reload=\"field_5_4\"><label class='gfield_label gform-field-label' for='input_5_4' >Your message<\/label><div class='ginput_container ginput_container_textarea'><textarea name='input_4' id='input_5_4' class='textarea medium'      aria-invalid=\"false\"   rows='10' cols='50'><\/textarea><\/div><\/li><li id=\"field_5_5\"  class=\"gfield gfield--type-captcha field_sublabel_below gfield--no-description field_description_below gfield_visibility_visible\"  data-js-reload=\"field_5_5\"><label class='gfield_label gform-field-label' for='input_5_5' >CAPTCHA<\/label><div id='input_5_5' class='ginput_container ginput_recaptcha' data-sitekey='6LfH9eMUAAAAAGKdJCLXMgJm-qBS-7Xaz52MR4_Z'  data-theme='light' data-tabindex='0'  data-badge=''><\/div><\/li><\/ul><\/div>\n        <div class='gform_footer top_label'> <input type='submit' id='gform_submit_button_5' class='gform_button button' value='Send'  onclick='if(window[\"gf_submitting_5\"]){return false;}  window[\"gf_submitting_5\"]=true;  ' onkeypress='if( event.keyCode == 13 ){ if(window[\"gf_submitting_5\"]){return false;} window[\"gf_submitting_5\"]=true;  jQuery(\"#gform_5\").trigger(\"submit\",[true]); }' \/> \n            <input type='hidden' class='gform_hidden' name='is_submit_5' value='1' \/>\n            <input type='hidden' class='gform_hidden' name='gform_submit' value='5' \/>\n            \n            <input type='hidden' class='gform_hidden' name='gform_unique_id' value='' \/>\n            <input type='hidden' class='gform_hidden' name='state_5' value='WyJbXSIsIjY5M2YyNzc1OGExNzQ2MGExYWFiYzk3Y2RkNzhkOGFmIl0=' \/>\n            <input type='hidden' class='gform_hidden' name='gform_target_page_number_5' id='gform_target_page_number_5' value='0' \/>\n            <input type='hidden' class='gform_hidden' name='gform_source_page_number_5' id='gform_source_page_number_5' value='1' \/>\n            <input type='hidden' name='gform_field_values' value='' \/>\n            \n        <\/div>\n                        <input type=\"hidden\" name=\"trp-form-language\" value=\"en\"\/><\/form>\n                        <\/div><script type=\"text\/javascript\">\ngform.initializeOnLoaded( function() {gformInitSpinner( 5, 'https:\/\/rustic.ro\/wp-content\/plugins\/gravityforms\/images\/spinner.svg', true );jQuery('#gform_ajax_frame_5').on('load',function(){var contents = jQuery(this).contents().find('*').html();var is_postback = contents.indexOf('GF_AJAX_POSTBACK') >= 0;if(!is_postback){return;}var form_content = jQuery(this).contents().find('#gform_wrapper_5');var is_confirmation = jQuery(this).contents().find('#gform_confirmation_wrapper_5').length > 0;var is_redirect = contents.indexOf('gformRedirect(){') >= 0;var is_form = form_content.length > 0 && ! is_redirect && ! is_confirmation;var mt = parseInt(jQuery('html').css('margin-top'), 10) + parseInt(jQuery('body').css('margin-top'), 10) + 100;if(is_form){jQuery('#gform_wrapper_5').html(form_content.html());if(form_content.hasClass('gform_validation_error')){jQuery('#gform_wrapper_5').addClass('gform_validation_error');} else {jQuery('#gform_wrapper_5').removeClass('gform_validation_error');}setTimeout( function() { \/* delay the scroll by 50 milliseconds to fix a bug in chrome *\/  }, 50 );if(window['gformInitDatepicker']) {gformInitDatepicker();}if(window['gformInitPriceFields']) {gformInitPriceFields();}var current_page = jQuery('#gform_source_page_number_5').val();gformInitSpinner( 5, 'https:\/\/rustic.ro\/wp-content\/plugins\/gravityforms\/images\/spinner.svg', true );jQuery(document).trigger('gform_page_loaded', [5, current_page]);window['gf_submitting_5'] = false;}else if(!is_redirect){var confirmation_content = jQuery(this).contents().find('.GF_AJAX_POSTBACK').html();if(!confirmation_content){confirmation_content = contents;}setTimeout(function(){jQuery('#gform_wrapper_5').replaceWith(confirmation_content);jQuery(document).trigger('gform_confirmation_loaded', [5]);window['gf_submitting_5'] = false;wp.a11y.speak(jQuery('#gform_confirmation_message_5').text());}, 50);}else{jQuery('#gform_5').append(contents);if(window['gformRedirect']) {gformRedirect();}}jQuery(document).trigger('gform_post_render', [5, current_page]);} );} );\n<\/script>\n<\/div><\/div><\/div><div class=\"wpb_column vc_column_container vc_col-sm-1\/5\"><div class=\"vc_column-inner\"><div class=\"wpb_wrapper\"><\/div><\/div><\/div><\/div><div class=\"vc_row wpb_row vc_row-fluid\"><div class=\"wpb_column vc_column_container vc_col-sm-12\"><div class=\"vc_column-inner\"><div class=\"wpb_wrapper\">\n\n    <div data-lat=\"\t47.657766,\"\n         data-lng=\"23.545201\" id=\"map\" class=\"map\">\n\n\t\t            <div class=\"map-title\">\n\n                <div class=\"brand\" href=\"#\">\n\t\t\t\t\t                        <img alt=\"\" src=\"https:\/\/rustic.ro\/wp-content\/uploads\/2020\/07\/icon-rustic.svg\">\n\n\t\t\t\t\t                    <div class=\"brand-info\">\n                        <div class=\"brand-name\">Rustic<\/div>\n                        <div class=\"brand-text\">Headquarters<\/div>\n                    <\/div>\n                <\/div>\n            <\/div>\n            <p class=\"map-address\"><\/p>\n\t\t\t                    <div class=\"map-address-row\">\n\t\t\t\t\t\t                            <i class=\"fa fa-map-marker\"><\/i>\n\t\t\t\t\t\t\t\t\t\t\t\t\n                            <span class=\"text\"><strong>Baia Mare,Maramures 430061<\/strong><br>\nStr. Victoriei nr. 136A <\/span>\n\n\t\t\t\t\t\t                    <\/div>\n\t\t\t\t\t                    <div class=\"map-address-row\">\n\t\t\t\t\t\t                            <i class=\"fa fa-phone\"><\/i>\n\t\t\t\t\t\t\t\t\t\t\t\t\n                            <span class=\"text\">+40 744 555 752<\/span>\n\n\t\t\t\t\t\t                    <\/div>\n\t\t\t\t\t                    <div class=\"map-address-row\">\n\t\t\t\t\t\t                            <i class=\"fa fa-envelope-o\"><\/i>\n\t\t\t\t\t\t\t\t\t\t\t\t\n                            <span class=\"text\">rustic@rustic.ro<\/span>\n\n\t\t\t\t\t\t                    <\/div>\n\t\t\t\t\t\n\t\t\t                <p class=\"gmap-open\">\n                    <a\n                            href=\"https:\/\/www.google.com\/maps\/place\/Rustic+SRL\/@47.6590113,23.5397038,21z\/data=!4m8!1m2!2m1!1sRustic+Baia+Mare!3m4!1s0x4737dc4b3477d707:0x8064d40be812fb7e!8m2!3d47.6590958!4d23.5396975%20target=_blank\"\n                            target=\"_blank\">Open in Google Maps<\/a><\/p>\n\n\t\t\t\n\t\t\n    <\/div>\n\n\t\n    <script>\n\n\n        function initialize() {\n\n            var contentString = '<div class=\"map-info\">'\n                + jQuery(\"#map\").html() +\n                '<\/div>';\n\n\n            var mapOptions = {\n                zoom: 14, \/\/ Change zoom here\n                center: mapLocation,\n                scrollwheel: false,\n\n                styles:  [\n            {\"featureType\":\"administrative\",\"elementType\":\"labels.text.fill\",\"stylers\":[{\"color\":\"#333333\"}]},\n            {\"featureType\":\"landscape\",\"elementType\":\"all\",\"stylers\":[{\"color\":\"#f2f2f2\"}]},\n            {\"featureType\":\"poi\",\"elementType\":\"all\",\"stylers\":[{\"visibility\":\"off\"}]},\n            {\"featureType\":\"poi\",\"elementType\":\"labels.text\",\"stylers\":[{\"visibility\":\"off\"}]},\n            {\"featureType\":\"road\",\"elementType\":\"all\",\"stylers\":[{\"saturation\":-100},{\"lightness\":45}]},\n            {\"featureType\":\"road.highway\",\"elementType\":\"geometry\",\"stylers\":[{\"visibility\":\"simplified\"},{\"color\":\"#f6954d\"}]},\n            {\"featureType\":\"road.local\",\"elementType\":\"geometry\",\"stylers\":[{\"color\":\"#e3e2e2\"}]},\n            {\"featureType\":\"transit\",\"elementType\":\"all\",\"stylers\":[{\"visibility\":\"off\"}]},\n            {\"featureType\":\"water\",\"elementType\":\"all\",\"stylers\":[{\"color\":\"#a4c4c8\"},{\"visibility\":\"on\"}]}]\n            };\n\n            map = new google.maps.Map(document.getElementById('map'),\n                mapOptions);\n            var infowindow = new google.maps.InfoWindow({\n                content: contentString,\n            });\n\n\t\t\t            marker = new google.maps.Marker({\n                map: map,\n                draggable: true,\n                title: 'bauhaus', \/\/change title here\n                animation: google.maps.Animation.DROP,\n                position: mapLocation\n            });\n\t\t\t            google.maps.event.addListener(marker, 'click', function () {\n                infowindow.open(map, marker);\n            });\n\n\n            infowindow.open(map, marker);\n\n        }\n\n\n    <\/script>\n\n\t<\/div><\/div><\/div><\/div>","protected":false},"excerpt":{"rendered":"Contacteaz\u0103-ne \u021aINEM LEG\u0102TURA Baia Mare, Maramure\u0219 Str. Victoriei nr. 136A Baia Mare Maramures 430061 Email: rustic@rustic.ro Sun\u0103-ne: +40 744 555 752 Program de lucru: Luni - Vineri : 08:00 - 17:30 S\u00e2mb\u0103t\u0103: 08:00 - 12:00 Urm\u0103re\u0219te-ne Contacteaz\u0103-ne Nume Nume complet Email Subiect Mesajul t\u0103uCAPTCHA Rustic Sediu Baia Mare,Maramures 430061 Str. Victoriei nr. 136A +40 744 [...]","protected":false},"author":1,"featured_media":2374,"parent":0,"menu_order":0,"comment_status":"closed","ping_status":"closed","template":"template-contacts.php","meta":{"_mi_skip_tracking":false},"yst_prominent_words":[],"_links":{"self":[{"href":"https:\/\/rustic.ro\/en\/wp-json\/wp\/v2\/pages\/155"}],"collection":[{"href":"https:\/\/rustic.ro\/en\/wp-json\/wp\/v2\/pages"}],"about":[{"href":"https:\/\/rustic.ro\/en\/wp-json\/wp\/v2\/types\/page"}],"author":[{"embeddable":true,"href":"https:\/\/rustic.ro\/en\/wp-json\/wp\/v2\/users\/1"}],"replies":[{"embeddable":true,"href":"https:\/\/rustic.ro\/en\/wp-json\/wp\/v2\/comments?post=155"}],"version-history":[{"count":6,"href":"https:\/\/rustic.ro\/en\/wp-json\/wp\/v2\/pages\/155\/revisions"}],"predecessor-version":[{"id":2756,"href":"https:\/\/rustic.ro\/en\/wp-json\/wp\/v2\/pages\/155\/revisions\/2756"}],"wp:featuredmedia":[{"embeddable":true,"href":"https:\/\/rustic.ro\/en\/wp-json\/wp\/v2\/media\/2374"}],"wp:attachment":[{"href":"https:\/\/rustic.ro\/en\/wp-json\/wp\/v2\/media?parent=155"}],"wp:term":[{"taxonomy":"yst_prominent_words","embeddable":true,"href":"https:\/\/rustic.ro\/en\/wp-json\/wp\/v2\/yst_prominent_words?post=155"}],"curies":[{"name":"wp","href":"https:\/\/api.w.org\/{rel}","templated":true}]}}