{"id":1326,"date":"2020-03-18T13:02:36","date_gmt":"2020-03-18T13:02:36","guid":{"rendered":"https:\/\/rustic.ro\/?page_id=1326"},"modified":"2021-08-23T13:04:31","modified_gmt":"2021-08-23T13:04:31","slug":"case-si-cabane-din-lemn","status":"publish","type":"page","link":"https:\/\/rustic.ro\/en\/wooden-family-houses\/","title":{"rendered":"Case \u0219i cabane din lemn"},"content":{"rendered":"<div class=\"vc_row wpb_row vc_row-fluid\"><div class=\"wpb_column vc_column_container vc_col-sm-12\"><div class=\"vc_column-inner\"><div class=\"wpb_wrapper\">\n\n    <section             class=\"section-about\">\n        <div class=\"container\">\n            <div class=\"row\">\n                <div class=\"col-md-6\">\n                    <strong class=\"section-subtitle\">PRODUCTS<\/strong>\n                    <h2 class=\"section-title section-about-title\">Case \u0219i cabane din lemn<\/h2>\n                    <p><\/p>\n<blockquote>\n<p class=\"section-title section-about-title\"><em>&#8222;Peste 300 de familii din Rom\u00e2nia, Fran\u021ba sau Italia locuiesc acum \u00een case din lemn sau pe structur\u0103 de lemn produse de noi. Sunt confortabile, rezistente \u0219i durabile. Calitatea Rustic este garantat\u0103!&#8221;<\/em><\/p>\n<p class=\"section-title section-about-title\">Cornel Cu\u0219ner<\/p>\n<\/blockquote>\n<p><\/p>\n                    <div class=\"experience-box\">\n\t                                            <div class=\"experience-content\">\n                            <div class=\"experience-number\"><\/div>\n                            <div\n                                    class=\"experience-info wow fadeInDown\"><\/div>\n                        <\/div>\n                    <\/div>\n\n                <\/div>\n                <div class=\"col-md-5 col-md-offset-1\">\n                    <div class=\"dots-image\">\n\n\t\t\t\t\t\t                            <img alt=\"\" class=\"about-img img-responsive\" src=\"https:\/\/rustic.ro\/wp-content\/uploads\/2021\/08\/casa_marino.jpg\">\n\t\t\t\t\t\t\t\n\n                        <div class=\"dots\"><\/div>\n                    <\/div>\n                <\/div>\n            <\/div>\n        <\/div>\n    <\/section>\n\n\n\t<\/div><\/div><\/div><\/div><div class=\"vc_row wpb_row vc_row-fluid vc_custom_1585043013354\"><div class=\"wpb_column vc_column_container vc_col-sm-2\"><div class=\"vc_column-inner\"><div class=\"wpb_wrapper\"><\/div><\/div><\/div><div class=\"wpb_column vc_column_container vc_col-sm-8\"><div class=\"vc_column-inner\"><div class=\"wpb_wrapper\">\n\t<div class=\"wpb_text_column wpb_content_element\" >\n\t\t<div class=\"wpb_wrapper\">\n\t\t\t<p>De peste 20 ani Rustic Construct ofer\u0103 clien\u021bilor s\u0103i case din lemn. Casele produse de noi sunt realizate din lemn de brad sau pin, \u00een structur\u0103 sandwich sau din b\u00e2rne \u00eembinate. Fie c\u0103 este un design simplu, fie c\u0103 se doreste realizarea unei construc\u021bii cu o arhitectur\u0103 deosebit\u0103, suntem preg\u0103ti\u021bi s\u0103 ne adapt\u0103m cerin\u021belor clien\u021bilor no\u0219trii \u0219i s\u0103 transform\u0103m proiectul \u00een realitate.<\/p>\n<p><strong>O cas\u0103 din lemn are c\u00e2teva avantaje majore fa\u021b\u0103 de alte sisteme constructive:<\/strong><\/p>\n<ul>\n<li>este &#8222;vie&#8221; &#8211; \u00eentreaga construc\u021bie respir\u0103, permi\u021b\u00e2nd astfel crearea unei ambian\u021be pl\u0103cute \u00een interior;<\/li>\n<li>asigur\u0103 o izola\u021bie termic\u0103 foarte bun\u0103, care se traduce \u00een consumuri reduse de energie at\u00e2t pentru \u00eenc\u0103lzirea din timpul iernii, c\u00e2t \u0219i pentru r\u0103cirea din timpul verii;<\/li>\n<li>uses high performance insulating materials, has a reduced level of noise diffusion;<\/li>\n<li>utiliz\u00e2nd solu\u021bii simple de \u00eentre\u021binere, este durabil\u0103, rezistent\u0103 la uzur\u0103 \u0219i nepoluant\u0103;<\/li>\n<li>este sigur\u0103 &#8211; rezist\u0103 la cutremure, \u00een condi\u021biile unei ignifug\u0103ri corespunzatoare este rezistent\u0103 la foc;<\/li>\n<li>presupune costuri mai mici \u0219i o perioad\u0103 de timp mai scurt\u0103 pentru realizare;<\/li>\n<li>poate oferi acela\u0219i nivel de confort ca \u0219i orice alt\u0103 structur\u0103 constructiv\u0103 \u00een ceea ce prive\u0219te deschiderile, spa\u021biile largi \u0219i supra\u021betele vitrate mari;<\/li>\n<\/ul>\n\n\t\t<\/div>\n\t<\/div>\n<\/div><\/div><\/div><div class=\"wpb_column vc_column_container vc_col-sm-2\"><div class=\"vc_column-inner\"><div class=\"wpb_wrapper\"><\/div><\/div><\/div><\/div><div class=\"vc_row wpb_row vc_row-fluid\"><div class=\"wpb_column vc_column_container vc_col-sm-2\"><div class=\"vc_column-inner\"><div class=\"wpb_wrapper\"><\/div><\/div><\/div><div class=\"wpb_column vc_column_container vc_col-sm-8\"><div class=\"vc_column-inner\"><div class=\"wpb_wrapper\"><h2 style=\"text-align: left\" class=\"vc_custom_heading\" >De ce s\u0103 alegeti Rustic pentru a v\u0103 realiza locuin\u021ba dvs. din lemn?<\/h2><\/div><\/div><\/div><div class=\"wpb_column vc_column_container vc_col-sm-2\"><div class=\"vc_column-inner\"><div class=\"wpb_wrapper\"><\/div><\/div><\/div><\/div><div class=\"vc_row wpb_row vc_row-fluid\"><div class=\"wpb_column vc_column_container vc_col-sm-2\"><div class=\"vc_column-inner\"><div class=\"wpb_wrapper\"><\/div><\/div><\/div><div class=\"wpb_column vc_column_container vc_col-sm-8\"><div class=\"vc_column-inner\"><div class=\"wpb_wrapper\">\n\t<div class=\"wpb_text_column wpb_content_element\" >\n\t\t<div class=\"wpb_wrapper\">\n\t\t\t<p><span style=\"color: #82af38;\"><strong>Avem \u00een spate o bogat\u0103 experien\u021b\u0103 \u00een realizarea construc\u021biilor din lemn<\/strong><\/span>, avem \u00een echipa noastr\u0103 me\u0219teri pricepu\u021bi din zona Maramure\u0219ului \u0219i a L\u0103pu\u0219ului, cu o lung\u0103 tradi\u021bie \u00een prelucrarea lemnului \u0219i avem materie prim\u0103 de calitate, precum \u0219i utilaje performante.<\/p>\n<p><span style=\"color: #82af38;\"><strong>Lucr\u0103m transparent<\/strong><\/span>, v\u0103 spunem de la \u00eenceput care este costul proiectului dvs. \u0219i v\u0103 inform\u0103m permanent asupra modului \u00een care proiectul dvs. se deruleaz\u0103.<\/p>\n<p><span style=\"color: #82af38;\"><strong>Ne \u00eencadr\u0103m \u00een termenele stabilite \u0219i \u00een buget.<\/strong><\/span> Acesta este unul dintre obiectivele principale ale organiza\u021biei noastre pe care ne str\u0103duim s\u0103 \u00eel punem \u00een practic\u0103 la fiecare lucrare.<\/p>\n<p><span style=\"color: #82af38;\"><strong>We are flexible.<\/strong><\/span> \u00cen\u021belegem c\u0103 ave\u021bi nevoie de o cas\u0103 potrivit\u0103 cu necesit\u0103\u021bile dvs. de aceea ne adapt\u0103m fluxul de produc\u021bie \u00een a\u0219a fel \u00eenc\u00e2t s\u0103 se potriveasc\u0103 perfect cu ceea ce v\u0103 dori\u021bi de la casa dvs din lemn.<\/p>\n<p><span style=\"color: #82af38;\"><strong>V\u0103 ajut\u0103m cu sfaturi pertinente<\/strong><\/span> \u00een privin\u021ba solu\u021biei constructive, a compartiment\u0103rii spa\u021biului \u0219i a amenaj\u0103rii interioare, precum \u0219i s\u0103 adapt\u0103m totul \u00een a\u0219a fel \u00eenc\u00e2t la final s\u0103 ave\u021bi casa pe care v-o dori\u021bi.<\/p>\n\n\t\t<\/div>\n\t<\/div>\n<\/div><\/div><\/div><div class=\"wpb_column vc_column_container vc_col-sm-2\"><div class=\"vc_column-inner\"><div class=\"wpb_wrapper\"><\/div><\/div><\/div><\/div><div data-vc-full-width=\"true\" data-vc-full-width-init=\"false\" class=\"vc_row wpb_row vc_row-fluid vc_custom_1584695155079 vc_row-has-fill\"><div class=\"wpb_column vc_column_container vc_col-sm-12\"><div class=\"vc_column-inner\"><div class=\"wpb_wrapper\"><section class=\"vc_cta3-container\"><div class=\"vc_general vc_cta3 vc_cta3-style-outline vc_cta3-shape-square vc_cta3-align-center vc_cta3-color-white vc_cta3-icon-size-md vc_cta3-actions-bottom\"><div class=\"vc_cta3_content-container\"><div class=\"vc_cta3-content\"><header class=\"vc_cta3-content-header\"><h2>Do you want to start a project?<\/h2><\/header><p>Tell us a few details about what you want and we will give you an estimate in the shortest time.<\/p>\n<\/div><div class=\"vc_cta3-actions\"><div class=\"vc_btn3-container vc_btn3-center\" ><a class=\"vc_general vc_btn3 vc_btn3-size-md vc_btn3-shape-square vc_btn3-style-outline vc_btn3-color-white\" href=\"https:\/\/rustic.ro\/en\/form\/\" title=\"\">Request for quotation<\/a><\/div><\/div><\/div><\/div><\/section><\/div><\/div><\/div><\/div><div class=\"vc_row-full-width vc_clearfix\"><\/div>","protected":false},"excerpt":{"rendered":"PRODUSE Case \u0219i cabane din lemn \"Peste 300 de familii din Rom\u00e2nia, Fran\u021ba sau Italia locuiesc acum \u00een case din lemn sau pe structur\u0103 de lemn produse de noi. Sunt confortabile, rezistente \u0219i durabile. Calitatea Rustic este garantat\u0103!\" Cornel Cu\u0219ner De peste 20 ani Rustic Construct ofer\u0103 clien\u021bilor s\u0103i case din lemn. Casele produse de [...]","protected":false},"author":1,"featured_media":2377,"parent":0,"menu_order":0,"comment_status":"closed","ping_status":"closed","template":"template-contacts.php","meta":{"_mi_skip_tracking":false},"yst_prominent_words":[],"_links":{"self":[{"href":"https:\/\/rustic.ro\/en\/wp-json\/wp\/v2\/pages\/1326"}],"collection":[{"href":"https:\/\/rustic.ro\/en\/wp-json\/wp\/v2\/pages"}],"about":[{"href":"https:\/\/rustic.ro\/en\/wp-json\/wp\/v2\/types\/page"}],"author":[{"embeddable":true,"href":"https:\/\/rustic.ro\/en\/wp-json\/wp\/v2\/users\/1"}],"replies":[{"embeddable":true,"href":"https:\/\/rustic.ro\/en\/wp-json\/wp\/v2\/comments?post=1326"}],"version-history":[{"count":11,"href":"https:\/\/rustic.ro\/en\/wp-json\/wp\/v2\/pages\/1326\/revisions"}],"predecessor-version":[{"id":2409,"href":"https:\/\/rustic.ro\/en\/wp-json\/wp\/v2\/pages\/1326\/revisions\/2409"}],"wp:featuredmedia":[{"embeddable":true,"href":"https:\/\/rustic.ro\/en\/wp-json\/wp\/v2\/media\/2377"}],"wp:attachment":[{"href":"https:\/\/rustic.ro\/en\/wp-json\/wp\/v2\/media?parent=1326"}],"wp:term":[{"taxonomy":"yst_prominent_words","embeddable":true,"href":"https:\/\/rustic.ro\/en\/wp-json\/wp\/v2\/yst_prominent_words?post=1326"}],"curies":[{"name":"wp","href":"https:\/\/api.w.org\/{rel}","templated":true}]}}