{"id":1321,"date":"2020-03-18T12:58:19","date_gmt":"2020-03-18T12:58:19","guid":{"rendered":"https:\/\/rustic.ro\/?page_id=1321"},"modified":"2021-08-23T13:03:58","modified_gmt":"2021-08-23T13:03:58","slug":"biserici-si-capele-din-lemn","status":"publish","type":"page","link":"https:\/\/rustic.ro\/en\/wooden-churches\/","title":{"rendered":"Biserici \u0219i capele din lemn"},"content":{"rendered":"<div class=\"vc_row wpb_row vc_row-fluid\"><div class=\"wpb_column vc_column_container vc_col-sm-12\"><div class=\"vc_column-inner vc_custom_1586677697354\"><div class=\"wpb_wrapper\">\n\n    <section             class=\"section-about\">\n        <div class=\"container\">\n            <div class=\"row\">\n                <div class=\"col-md-6\">\n                    <strong class=\"section-subtitle\">PRODUCTS<\/strong>\n                    <h2 class=\"section-title section-about-title\">Biserici \u0219i capele din lemn<\/h2>\n                    <p><\/p>\n<blockquote>\n<p class=\"section-title section-about-title\"><em>&#8222;Avem chemarea de a transforma lemnul \u00eentr-un spa\u021biu sacru, un loc de rug\u0103ciune, o biseric\u0103 din lemn \u00een stil tradi\u021bional care s\u0103 inspire oamenii \u00een credin\u021b\u0103. Calitatea Rustic este garantat\u0103 cel pu\u021bin o sut\u0103 de ani. &#8222;<\/em><\/p>\n<p class=\"section-title section-about-title\">Cornel Cu\u0219ner<\/p>\n<\/blockquote>\n<p><\/p>\n                    <div class=\"experience-box\">\n\t                                            <div class=\"experience-content\">\n                            <div class=\"experience-number\"><\/div>\n                            <div\n                                    class=\"experience-info wow fadeInDown\"><\/div>\n                        <\/div>\n                    <\/div>\n\n                <\/div>\n                <div class=\"col-md-5 col-md-offset-1\">\n                    <div class=\"dots-image\">\n\n\t\t\t\t\t\t                            <img alt=\"\" class=\"about-img img-responsive\" src=\"https:\/\/rustic.ro\/wp-content\/uploads\/2021\/08\/biserica_lemn_mizil.jpg\">\n\t\t\t\t\t\t\t\n\n                        <div class=\"dots\"><\/div>\n                    <\/div>\n                <\/div>\n            <\/div>\n        <\/div>\n    <\/section>\n\n\n\t<\/div><\/div><\/div><\/div><div class=\"vc_row wpb_row vc_row-fluid\"><div class=\"wpb_column vc_column_container vc_col-sm-2\"><div class=\"vc_column-inner\"><div class=\"wpb_wrapper\"><\/div><\/div><\/div><div class=\"wpb_column vc_column_container vc_col-sm-8\"><div class=\"vc_column-inner\"><div class=\"wpb_wrapper\">\n\t<div class=\"wpb_text_column wpb_content_element\" >\n\t\t<div class=\"wpb_wrapper\">\n\t\t\t<p>Maramure\u0219ul are o tradi\u021bie aparte \u00een realizarea bisericilor din lemn. Baz\u00e2ndu-ne pe aceast\u0103 mo\u0219tenire important\u0103 a culturii locale, noi cei de la Rustic Baia Mare prelu\u0103m lemnul brut \u0219i ii conferim o valoare spiritual\u0103 deosebit\u0103 sub form\u0103 de biserici tradi\u021bionale din lemn.<\/p>\n<p>\u00cen acest domeniu avem o mare bucurie cu bisericile realizate p\u00e2n\u0103 \u00een prezent, lucr\u0103ri arhitecturale impun\u0103toare care ne onoreaz\u0103 \u0219i ne inspir\u0103 pentru a continua aceast\u0103 tradi\u021bie milenar\u0103 cre\u0219tin\u0103 local\u0103.<\/p>\n\n\t\t<\/div>\n\t<\/div>\n<\/div><\/div><\/div><div class=\"wpb_column vc_column_container vc_col-sm-2\"><div class=\"vc_column-inner\"><div class=\"wpb_wrapper\"><\/div><\/div><\/div><\/div><div class=\"vc_row wpb_row vc_row-fluid\"><div class=\"wpb_column vc_column_container vc_col-sm-2\"><div class=\"vc_column-inner\"><div class=\"wpb_wrapper\"><\/div><\/div><\/div><div class=\"wpb_column vc_column_container vc_col-sm-8\"><div class=\"vc_column-inner\"><div class=\"wpb_wrapper\"><h2 style=\"text-align: left\" class=\"vc_custom_heading\" >C\u00e2teva repere importante legate de construc\u021bia de biserici din lemn<\/h2><\/div><\/div><\/div><div class=\"wpb_column vc_column_container vc_col-sm-2\"><div class=\"vc_column-inner\"><div class=\"wpb_wrapper\"><\/div><\/div><\/div><\/div><div class=\"vc_row wpb_row vc_row-fluid\"><div class=\"wpb_column vc_column_container vc_col-sm-2\"><div class=\"vc_column-inner\"><div class=\"wpb_wrapper\"><\/div><\/div><\/div><div class=\"wpb_column vc_column_container vc_col-sm-8\"><div class=\"vc_column-inner\"><div class=\"wpb_wrapper\">\n\t<div class=\"wpb_text_column wpb_content_element\" >\n\t\t<div class=\"wpb_wrapper\">\n\t\t\t<p>Am realizat p\u00e2n\u0103 \u00een prezent 36 de biserici din lemn, capele \u0219i clopotni\u021be care sunt \u00een prezent folosite de credincio\u0219ii din toat\u0103 \u021bara, cea mai \u00eendepartat\u0103 fiind construit\u0103 pentru credincio\u0219ii rom\u00e2ni din Elve\u021bia. Am avut onoarea de a realiza singura biseric\u0103 ortodox\u0103 rom\u00e2neasc\u0103 la Vatican &#8211; expus\u0103 \u00een Muzeul Vatican \u00een memoria lui \u0218tefan cel Mare; Cea mai \u00eenalt\u0103 biseric\u0103 pe care am realizat-o p\u00e2n\u0103 \u00een prezent are \u00een\u0103l\u021bimea de 62 m;<\/p>\n<h5 class=\"visible-first heading-style-2\">Chapels<\/h5>\n<p>Realiz\u0103m capele din lemn cu structur\u0103 de b\u00e2rne sau cu pere\u021bi sandwich pe structur\u0103 de lemn, precum \u0219i din zid\u0103rie.<\/p>\n\n\t\t<\/div>\n\t<\/div>\n<\/div><\/div><\/div><div class=\"wpb_column vc_column_container vc_col-sm-2\"><div class=\"vc_column-inner\"><div class=\"wpb_wrapper\"><\/div><\/div><\/div><\/div><div data-vc-full-width=\"true\" data-vc-full-width-init=\"false\" class=\"vc_row wpb_row vc_row-fluid vc_custom_1584695155079 vc_row-has-fill\"><div class=\"wpb_column vc_column_container vc_col-sm-12\"><div class=\"vc_column-inner\"><div class=\"wpb_wrapper\"><section class=\"vc_cta3-container\"><div class=\"vc_general vc_cta3 vc_cta3-style-outline vc_cta3-shape-square vc_cta3-align-center vc_cta3-color-white vc_cta3-icon-size-md vc_cta3-actions-bottom\"><div class=\"vc_cta3_content-container\"><div class=\"vc_cta3-content\"><header class=\"vc_cta3-content-header\"><h2>Do you want to start a project?<\/h2><\/header><p>Tell us a few details about what you want and we will give you an estimate in the shortest time.<\/p>\n<\/div><div class=\"vc_cta3-actions\"><div class=\"vc_btn3-container vc_btn3-center\" ><a class=\"vc_general vc_btn3 vc_btn3-size-md vc_btn3-shape-square vc_btn3-style-outline vc_btn3-color-white\" href=\"https:\/\/rustic.ro\/en\/form\/\" title=\"\">Request for quotation<\/a><\/div><\/div><\/div><\/div><\/section><\/div><\/div><\/div><\/div><div class=\"vc_row-full-width vc_clearfix\"><\/div>","protected":false},"excerpt":{"rendered":"PRODUSE Biserici \u0219i capele din lemn \"Avem chemarea de a transforma lemnul \u00eentr-un spa\u021biu sacru, un loc de rug\u0103ciune, o biseric\u0103 din lemn \u00een stil tradi\u021bional care s\u0103 inspire oamenii \u00een credin\u021b\u0103. Calitatea Rustic este garantat\u0103 cel pu\u021bin o sut\u0103 de ani. \" Cornel Cu\u0219ner Maramure\u0219ul are o tradi\u021bie aparte \u00een realizarea bisericilor din lemn. [...]","protected":false},"author":1,"featured_media":2393,"parent":0,"menu_order":0,"comment_status":"closed","ping_status":"closed","template":"template-contacts.php","meta":{"_mi_skip_tracking":false},"yst_prominent_words":[],"_links":{"self":[{"href":"https:\/\/rustic.ro\/en\/wp-json\/wp\/v2\/pages\/1321"}],"collection":[{"href":"https:\/\/rustic.ro\/en\/wp-json\/wp\/v2\/pages"}],"about":[{"href":"https:\/\/rustic.ro\/en\/wp-json\/wp\/v2\/types\/page"}],"author":[{"embeddable":true,"href":"https:\/\/rustic.ro\/en\/wp-json\/wp\/v2\/users\/1"}],"replies":[{"embeddable":true,"href":"https:\/\/rustic.ro\/en\/wp-json\/wp\/v2\/comments?post=1321"}],"version-history":[{"count":4,"href":"https:\/\/rustic.ro\/en\/wp-json\/wp\/v2\/pages\/1321\/revisions"}],"predecessor-version":[{"id":2408,"href":"https:\/\/rustic.ro\/en\/wp-json\/wp\/v2\/pages\/1321\/revisions\/2408"}],"wp:featuredmedia":[{"embeddable":true,"href":"https:\/\/rustic.ro\/en\/wp-json\/wp\/v2\/media\/2393"}],"wp:attachment":[{"href":"https:\/\/rustic.ro\/en\/wp-json\/wp\/v2\/media?parent=1321"}],"wp:term":[{"taxonomy":"yst_prominent_words","embeddable":true,"href":"https:\/\/rustic.ro\/en\/wp-json\/wp\/v2\/yst_prominent_words?post=1321"}],"curies":[{"name":"wp","href":"https:\/\/api.w.org\/{rel}","templated":true}]}}