{"id":1317,"date":"2020-03-18T12:54:26","date_gmt":"2020-03-18T12:54:26","guid":{"rendered":"https:\/\/rustic.ro\/?page_id=1317"},"modified":"2021-08-23T13:28:02","modified_gmt":"2021-08-23T13:28:02","slug":"tamplarie-si-scari-interioare","status":"publish","type":"page","link":"https:\/\/rustic.ro\/en\/joinery-and-layered-wood-furniture\/","title":{"rendered":"T\u00e2mpl\u0103rie si sc\u0103ri interioare"},"content":{"rendered":"<div class=\"vc_row wpb_row vc_row-fluid\"><div class=\"wpb_column vc_column_container vc_col-sm-12\"><div class=\"vc_column-inner\"><div class=\"wpb_wrapper\">\n\n    <section             class=\"section-about\">\n        <div class=\"container\">\n            <div class=\"row\">\n                <div class=\"col-md-6\">\n                    <strong class=\"section-subtitle\">PRODUCTS<\/strong>\n                    <h2 class=\"section-title section-about-title\">T\u00e2mpl\u0103rie si sc\u0103ri interioare<\/h2>\n                    <p><\/p>\n<blockquote>\n<p class=\"section-title section-about-title\"><em>&#8222;Suntem interesa\u021bi de toate aspectele ce \u021bin de o cl\u0103dire, prin urmare producem inclusiv t\u00e2mpl\u0103rie interioar\u0103 &#8211; exterioar\u0103 \u0219i sc\u0103ri interioare din lemn. Toate produsele noastre poart\u0103 garan\u021bia calit\u0103\u021bii \u0219i sunt menite s\u0103 reziste genera\u021bii.&#8221;<\/em><\/p>\n<p class=\"section-title section-about-title\">Cornel Cu\u0219ner<\/p>\n<\/blockquote>\n<p><\/p>\n                    <div class=\"experience-box\">\n\t                                            <div class=\"experience-content\">\n                            <div class=\"experience-number\"><\/div>\n                            <div\n                                    class=\"experience-info wow fadeInDown\"><\/div>\n                        <\/div>\n                    <\/div>\n\n                <\/div>\n                <div class=\"col-md-5 col-md-offset-1\">\n                    <div class=\"dots-image\">\n\n\t\t\t\t\t\t                            <img alt=\"\" class=\"about-img img-responsive\" src=\"https:\/\/rustic.ro\/wp-content\/uploads\/2021\/08\/scari_interioare.jpg\">\n\t\t\t\t\t\t\t\n\n                        <div class=\"dots\"><\/div>\n                    <\/div>\n                <\/div>\n            <\/div>\n        <\/div>\n    <\/section>\n\n\n\t<\/div><\/div><\/div><\/div><div class=\"vc_row wpb_row vc_row-fluid\"><div class=\"wpb_column vc_column_container vc_col-sm-2\"><div class=\"vc_column-inner\"><div class=\"wpb_wrapper\"><\/div><\/div><\/div><div class=\"wpb_column vc_column_container vc_col-sm-8\"><div class=\"vc_column-inner\"><div class=\"wpb_wrapper\">\n\t<div class=\"wpb_text_column wpb_content_element\" >\n\t\t<div class=\"wpb_wrapper\">\n\t\t\t<p>T\u00e2mpl\u0103ria din lemn stratificat reprezint\u0103 cea mai elegant\u0103 op\u021biune pentru o locuin\u021b\u0103. De\u0219i reprezint\u0103 o investi\u021bie ini\u021bial\u0103 mai mare, t\u00e2mplaria din lemn adaug\u0103 valoare unei locuin\u021be. Totodat\u0103, ferestrele \u0219i u\u0219ile cu geam termopan \u0219i profil de lemn sunt mai sigure, mai rezistente \u0219i mai durabile \u00een timp.<\/p>\n<p>U\u0219ile stabile sunt cele care asigur\u0103 confortul prin durabilitate \u0219i materiale calitative folosite. Daca mai ad\u0103ug\u0103m \u0219i un design pl\u0103cut putem zice c\u0103 avem formula perfect\u0103 pentru u\u0219ile perfecte.<\/p>\n<p>Ne plac produsele naturale cu note elegante \u0219i stilate, prin urmare producem produse naturale care s\u0103 se integreze c\u00e2t mai bine \u00een peisaj, pe placul fiec\u0103rui client \u00een parte. U\u0219ile din lemn au finisaje deosebite, naturale \u0219i pot fi vopsite sau l\u0103cuite. Lemnul rezist\u0103 frumos \u00een timp, iar o u\u0219\u0103 din lemn poate avea o durat\u0103 de via\u021b\u0103 chiar \u0219i de 100 ani. Fie c\u0103 opta\u021bi pentru un stil arhitectural modern, clasic, victorian, rom\u00e2nesc sau un stil diferit de acestea, compania noastr\u0103 v\u0103 poate oferi consultan\u021b\u0103 si execu\u021bie personalizat\u0103, indiferent de dimensiuni \u0219i finisaje.<\/p>\n<p>Dezvolt\u0103m produse, idei \u0219i solu\u021bii, iar sc\u0103rile necesit\u0103 tehnic\u0103 \u0219i inova\u021bie. Putem construi diferite tipuri \u0219i modele de sc\u0103ri interioare \u00een totalitate din lemn, vanguri, trepte, contratrepte sau sc\u0103ri combinate din lemn-metal.<\/p>\n<p>Fiind un domeniu vast, personalizarea mobilierului se face dup\u0103 cerin\u021bele fiec\u0103rui client \u00een parte. Fie c\u0103 e vorba de construc\u021bia unui pavilion, foi\u0219or, pergol\u0103 sau teras\u0103, compania noastr\u0103 va duce la \u00eembog\u0103\u021birea peisajului din jurul propriet\u0103\u021bii, oferind elemente concepute s\u0103 creeze un cadru perfect, c\u0103lduros \u0219i primitor.<\/p>\n\n\t\t<\/div>\n\t<\/div>\n<\/div><\/div><\/div><div class=\"wpb_column vc_column_container vc_col-sm-2\"><div class=\"vc_column-inner\"><div class=\"wpb_wrapper\"><\/div><\/div><\/div><\/div><div class=\"vc_row wpb_row vc_row-fluid\"><div class=\"wpb_column vc_column_container vc_col-sm-2\"><div class=\"vc_column-inner\"><div class=\"wpb_wrapper\"><\/div><\/div><\/div><div class=\"wpb_column vc_column_container vc_col-sm-8\"><div class=\"vc_column-inner\"><div class=\"wpb_wrapper\"><h2 style=\"text-align: left\" class=\"vc_custom_heading\" >De ce s\u0103 alege\u021bi t\u00e2mpl\u0103rie din lemn stratificat produs\u0103 de Rustic?<\/h2><\/div><\/div><\/div><div class=\"wpb_column vc_column_container vc_col-sm-2\"><div class=\"vc_column-inner\"><div class=\"wpb_wrapper\"><\/div><\/div><\/div><\/div><div class=\"vc_row wpb_row vc_row-fluid\"><div class=\"wpb_column vc_column_container vc_col-sm-2\"><div class=\"vc_column-inner\"><div class=\"wpb_wrapper\"><\/div><\/div><\/div><div class=\"wpb_column vc_column_container vc_col-sm-8\"><div class=\"vc_column-inner\"><div class=\"wpb_wrapper\">\n\t<div class=\"wpb_text_column wpb_content_element\" >\n\t\t<div class=\"wpb_wrapper\">\n\t\t\t<p><span style=\"color: #82af38;\"><strong>Este durabil\u0103.<\/strong><\/span> Realizarea profilelor din care se produce t\u00e2mpl\u0103ria presupune suprapunerea mai multor straturi de lemn \u00eembinate \u00eentre ele cu adezivi speciali, presate la rece sau la cald \u00een utilaje specializate \u0219i tratate cu diferite tipuri de lac \u0219i bai\u021b. Rezult\u0103 astfel o structur\u0103 lemnoas\u0103 rezistent\u0103 la ac\u021biuni mecanice, care nu se umfl\u0103 sub ac\u021biunea umezelii \u0219i care nu se degradeaz\u0103 la ac\u021biunea razelor solare \u0219i a vantului.<\/p>\n<p><span style=\"color: #82af38;\"><strong>Asigur\u0103 confortul necesar \u00eenc\u0103perii.<\/strong><\/span> Montajul unui geam termopan pe structur\u0103 de lemn stratificat \u00eenseamn\u0103 ob\u021binerea unui coeficient ridicat de izola\u021bie termic\u0103 \u0219i acustic\u0103 at\u00e2t de necesar \u00een orice locuin\u021b\u0103 sau birou.<\/p>\n<p><span style=\"color: #82af38;\"><strong>Este elegant\u0103.<\/strong><\/span> T\u00e2mplaria din lemn d\u0103 un aer aparte \u00eentregii cl\u0103diri \u00een care aceasta este montat\u0103.<\/p>\n\n\t\t<\/div>\n\t<\/div>\n<\/div><\/div><\/div><div class=\"wpb_column vc_column_container vc_col-sm-2\"><div class=\"vc_column-inner\"><div class=\"wpb_wrapper\"><\/div><\/div><\/div><\/div><div data-vc-full-width=\"true\" data-vc-full-width-init=\"false\" class=\"vc_row wpb_row vc_row-fluid vc_custom_1584695155079 vc_row-has-fill\"><div class=\"wpb_column vc_column_container vc_col-sm-12\"><div class=\"vc_column-inner\"><div class=\"wpb_wrapper\"><section class=\"vc_cta3-container\"><div class=\"vc_general vc_cta3 vc_cta3-style-outline vc_cta3-shape-square vc_cta3-align-center vc_cta3-color-white vc_cta3-icon-size-md vc_cta3-actions-bottom\"><div class=\"vc_cta3_content-container\"><div class=\"vc_cta3-content\"><header class=\"vc_cta3-content-header\"><h2>Do you want to start a project?<\/h2><\/header><p>Tell us a few details about what you want and we will give you an estimate in the shortest time.<\/p>\n<\/div><div class=\"vc_cta3-actions\"><div class=\"vc_btn3-container vc_btn3-center\" ><a class=\"vc_general vc_btn3 vc_btn3-size-md vc_btn3-shape-square vc_btn3-style-outline vc_btn3-color-white\" href=\"https:\/\/rustic.ro\/en\/form\/\" title=\"\">Request for quotation<\/a><\/div><\/div><\/div><\/div><\/section><\/div><\/div><\/div><\/div><div class=\"vc_row-full-width vc_clearfix\"><\/div>","protected":false},"excerpt":{"rendered":"PRODUSE T\u00e2mpl\u0103rie si sc\u0103ri interioare \"Suntem interesa\u021bi de toate aspectele ce \u021bin de o cl\u0103dire, prin urmare producem inclusiv t\u00e2mpl\u0103rie interioar\u0103 - exterioar\u0103 \u0219i sc\u0103ri interioare din lemn. Toate produsele noastre poart\u0103 garan\u021bia calit\u0103\u021bii \u0219i sunt menite s\u0103 reziste genera\u021bii.\" Cornel Cu\u0219ner T\u00e2mpl\u0103ria din lemn stratificat reprezint\u0103 cea mai elegant\u0103 op\u021biune pentru o locuin\u021b\u0103. De\u0219i [...]","protected":false},"author":1,"featured_media":2415,"parent":0,"menu_order":0,"comment_status":"closed","ping_status":"closed","template":"template-contacts.php","meta":{"_mi_skip_tracking":false},"yst_prominent_words":[],"_links":{"self":[{"href":"https:\/\/rustic.ro\/en\/wp-json\/wp\/v2\/pages\/1317"}],"collection":[{"href":"https:\/\/rustic.ro\/en\/wp-json\/wp\/v2\/pages"}],"about":[{"href":"https:\/\/rustic.ro\/en\/wp-json\/wp\/v2\/types\/page"}],"author":[{"embeddable":true,"href":"https:\/\/rustic.ro\/en\/wp-json\/wp\/v2\/users\/1"}],"replies":[{"embeddable":true,"href":"https:\/\/rustic.ro\/en\/wp-json\/wp\/v2\/comments?post=1317"}],"version-history":[{"count":2,"href":"https:\/\/rustic.ro\/en\/wp-json\/wp\/v2\/pages\/1317\/revisions"}],"predecessor-version":[{"id":2416,"href":"https:\/\/rustic.ro\/en\/wp-json\/wp\/v2\/pages\/1317\/revisions\/2416"}],"wp:featuredmedia":[{"embeddable":true,"href":"https:\/\/rustic.ro\/en\/wp-json\/wp\/v2\/media\/2415"}],"wp:attachment":[{"href":"https:\/\/rustic.ro\/en\/wp-json\/wp\/v2\/media?parent=1317"}],"wp:term":[{"taxonomy":"yst_prominent_words","embeddable":true,"href":"https:\/\/rustic.ro\/en\/wp-json\/wp\/v2\/yst_prominent_words?post=1317"}],"curies":[{"name":"wp","href":"https:\/\/api.w.org\/{rel}","templated":true}]}}