{"id":1315,"date":"2020-03-18T12:51:33","date_gmt":"2020-03-18T12:51:33","guid":{"rendered":"https:\/\/rustic.ro\/?page_id=1315"},"modified":"2021-08-23T13:03:06","modified_gmt":"2021-08-23T13:03:06","slug":"restaurari-constructii-vechi-si-monumente-istorice","status":"publish","type":"page","link":"https:\/\/rustic.ro\/en\/restoration-buildings-monuments\/","title":{"rendered":"Restaur\u0103ri construc\u021bii vechi \u0219i monumente istorice"},"content":{"rendered":"<div class=\"vc_row wpb_row vc_row-fluid vc_custom_1586677871281\"><div class=\"wpb_column vc_column_container vc_col-sm-12\"><div class=\"vc_column-inner\"><div class=\"wpb_wrapper\">\n\n    <section             class=\"section-about\">\n        <div class=\"container\">\n            <div class=\"row\">\n                <div class=\"col-md-6\">\n                    <strong class=\"section-subtitle\">PRODUCTS<\/strong>\n                    <h2 class=\"section-title section-about-title\">Restaur\u0103ri construc\u021bii vechi \u0219i monumente istorice<\/h2>\n                    <p><\/p>\n<blockquote>\n<p class=\"section-title section-about-title\"><em>&#8222;Timpul este inamicul oric\u0103rei construc\u021bii din lemn, piatr\u0103 sau zid\u0103rie. Noi avem \u00eendem\u00e2narea \u0219i priceperea de a aduce la via\u021b\u0103 cl\u0103diri vechi \u0219i monumente istorice prin restaurare. Calitatea Rustic este garantat\u0103!&#8221;<\/em><\/p>\n<p class=\"section-title section-about-title\">Cornel Cu\u0219ner<\/p>\n<\/blockquote>\n<p><\/p>\n                    <div class=\"experience-box\">\n\t                                            <div class=\"experience-content\">\n                            <div class=\"experience-number\"><\/div>\n                            <div\n                                    class=\"experience-info wow fadeInDown\"><\/div>\n                        <\/div>\n                    <\/div>\n\n                <\/div>\n                <div class=\"col-md-5 col-md-offset-1\">\n                    <div class=\"dots-image\">\n\n\t\t\t\t\t\t                            <img alt=\"\" class=\"about-img img-responsive\" src=\"https:\/\/rustic.ro\/wp-content\/uploads\/2021\/08\/bastion_turnul_macelarilor.jpg\">\n\t\t\t\t\t\t\t\n\n                        <div class=\"dots\"><\/div>\n                    <\/div>\n                <\/div>\n            <\/div>\n        <\/div>\n    <\/section>\n\n\n\t<\/div><\/div><\/div><\/div><div class=\"vc_row wpb_row vc_row-fluid\"><div class=\"wpb_column vc_column_container vc_col-sm-2\"><div class=\"vc_column-inner\"><div class=\"wpb_wrapper\"><\/div><\/div><\/div><div class=\"wpb_column vc_column_container vc_col-sm-8\"><div class=\"vc_column-inner\"><div class=\"wpb_wrapper\">\n\t<div class=\"wpb_text_column wpb_content_element\" >\n\t\t<div class=\"wpb_wrapper\">\n\t\t\t<p>V\u00e2ntul, ploaia, soarele las\u0103 amprente ad\u00e2nci \u00een fa\u021badele \u0219i structurile construc\u021biilor din lemn, zid\u0103rie sau piatr\u0103, iar neglijen\u021ba oamenilor accelereaz\u0103 procesul de degradare. Timpul este astfel cel mai mare inamic al construc\u021biilor.<\/p>\n<p>Rustic Construct Baia Mare se implic\u0103 \u00een restaurarea acelor construc\u021bii care trebuie s\u0103 existe \u0219i pentru genera\u021biile viitoare. Folosim tehnici tradi\u021bionale de prelucrare a lemnului \u0219i a pietrei pentru recuperarea monumentelor arhitectonice din epocile trecute. Avem al\u0103turi me\u0219teri populari \u00eempreun\u0103 cu care reu\u0219im s\u0103 repunem \u00een valoare monumente istorice, case memoriale, biserici din lemn \u0219i din piatr\u0103, turnuri \u0219i ziduri de cetate, case vechi cu o arhitectur\u0103 deosebit\u0103, obiecte de mobilier din lemn.<\/p>\n\n\t\t<\/div>\n\t<\/div>\n<\/div><\/div><\/div><div class=\"wpb_column vc_column_container vc_col-sm-2\"><div class=\"vc_column-inner\"><div class=\"wpb_wrapper\"><\/div><\/div><\/div><\/div><div data-vc-full-width=\"true\" data-vc-full-width-init=\"false\" class=\"vc_row wpb_row vc_row-fluid vc_custom_1584695155079 vc_row-has-fill\"><div class=\"wpb_column vc_column_container vc_col-sm-12\"><div class=\"vc_column-inner\"><div class=\"wpb_wrapper\"><section class=\"vc_cta3-container\"><div class=\"vc_general vc_cta3 vc_cta3-style-outline vc_cta3-shape-square vc_cta3-align-center vc_cta3-color-white vc_cta3-icon-size-md vc_cta3-actions-bottom\"><div class=\"vc_cta3_content-container\"><div class=\"vc_cta3-content\"><header class=\"vc_cta3-content-header\"><h2>Do you want to start a project?<\/h2><\/header><p>Tell us a few details about what you want and we will give you an estimate in the shortest time.<\/p>\n<\/div><div class=\"vc_cta3-actions\"><div class=\"vc_btn3-container vc_btn3-center\" ><a class=\"vc_general vc_btn3 vc_btn3-size-md vc_btn3-shape-square vc_btn3-style-outline vc_btn3-color-white\" href=\"https:\/\/rustic.ro\/en\/form\/\" title=\"\">Request for quotation<\/a><\/div><\/div><\/div><\/div><\/section><\/div><\/div><\/div><\/div><div class=\"vc_row-full-width vc_clearfix\"><\/div>","protected":false},"excerpt":{"rendered":"PRODUSE Restaur\u0103ri construc\u021bii vechi \u0219i monumente istorice \"Timpul este inamicul oric\u0103rei construc\u021bii din lemn, piatr\u0103 sau zid\u0103rie. Noi avem \u00eendem\u00e2narea \u0219i priceperea de a aduce la via\u021b\u0103 cl\u0103diri vechi \u0219i monumente istorice prin restaurare. Calitatea Rustic este garantat\u0103!\" Cornel Cu\u0219ner V\u00e2ntul, ploaia, soarele las\u0103 amprente ad\u00e2nci \u00een fa\u021badele \u0219i structurile construc\u021biilor din lemn, zid\u0103rie sau [...]","protected":false},"author":1,"featured_media":2387,"parent":0,"menu_order":0,"comment_status":"closed","ping_status":"closed","template":"template-contacts.php","meta":{"_mi_skip_tracking":false},"yst_prominent_words":[],"_links":{"self":[{"href":"https:\/\/rustic.ro\/en\/wp-json\/wp\/v2\/pages\/1315"}],"collection":[{"href":"https:\/\/rustic.ro\/en\/wp-json\/wp\/v2\/pages"}],"about":[{"href":"https:\/\/rustic.ro\/en\/wp-json\/wp\/v2\/types\/page"}],"author":[{"embeddable":true,"href":"https:\/\/rustic.ro\/en\/wp-json\/wp\/v2\/users\/1"}],"replies":[{"embeddable":true,"href":"https:\/\/rustic.ro\/en\/wp-json\/wp\/v2\/comments?post=1315"}],"version-history":[{"count":6,"href":"https:\/\/rustic.ro\/en\/wp-json\/wp\/v2\/pages\/1315\/revisions"}],"predecessor-version":[{"id":2407,"href":"https:\/\/rustic.ro\/en\/wp-json\/wp\/v2\/pages\/1315\/revisions\/2407"}],"wp:featuredmedia":[{"embeddable":true,"href":"https:\/\/rustic.ro\/en\/wp-json\/wp\/v2\/media\/2387"}],"wp:attachment":[{"href":"https:\/\/rustic.ro\/en\/wp-json\/wp\/v2\/media?parent=1315"}],"wp:term":[{"taxonomy":"yst_prominent_words","embeddable":true,"href":"https:\/\/rustic.ro\/en\/wp-json\/wp\/v2\/yst_prominent_words?post=1315"}],"curies":[{"name":"wp","href":"https:\/\/api.w.org\/{rel}","templated":true}]}}