{"id":1311,"date":"2020-03-18T12:48:57","date_gmt":"2020-03-18T12:48:57","guid":{"rendered":"https:\/\/rustic.ro\/?page_id=1311"},"modified":"2021-08-23T13:14:45","modified_gmt":"2021-08-23T13:14:45","slug":"sarpante-si-lucrari-speciale","status":"publish","type":"page","link":"https:\/\/rustic.ro\/en\/wooden-industrial-and-utility-constructions\/","title":{"rendered":"\u0218arpante \u0219i lucr\u0103ri speciale"},"content":{"rendered":"<div class=\"vc_row wpb_row vc_row-fluid vc_custom_1586677907098\"><div class=\"wpb_column vc_column_container vc_col-sm-12\"><div class=\"vc_column-inner\"><div class=\"wpb_wrapper\">\n\n    <section             class=\"section-about\">\n        <div class=\"container\">\n            <div class=\"row\">\n                <div class=\"col-md-6\">\n                    <strong class=\"section-subtitle\">PRODUCTS<\/strong>\n                    <h2 class=\"section-title section-about-title\">\u0218arpante \u0219i lucr\u0103ri speciale<\/h2>\n                    <p><\/p>\n<blockquote>\n<p class=\"section-title section-about-title\"><em>&#8222;Realiz\u0103m \u0219arpante complexe din lemn pe CNC, pe care le mont\u0103m cu echipe profesioniste de dulgheri. Execut\u0103m diverse categorii de lucr\u0103ri cu grad mare de dificultate, atipice. Accept\u0103m cu interes provoc\u0103ri, \u00eencep\u00e2nd de la poduri, drumuri forestiere, restaur\u0103ri unice, p\u00e2n\u0103 la diguri, hale \u0219i diverse structuri utilitare.&#8221;<\/em><\/p>\n<p class=\"section-title section-about-title\">Cornel Cu\u0219ner<\/p>\n<\/blockquote>\n<p><\/p>\n                    <div class=\"experience-box\">\n\t                                            <div class=\"experience-content\">\n                            <div class=\"experience-number\"><\/div>\n                            <div\n                                    class=\"experience-info wow fadeInDown\"><\/div>\n                        <\/div>\n                    <\/div>\n\n                <\/div>\n                <div class=\"col-md-5 col-md-offset-1\">\n                    <div class=\"dots-image\">\n\n\t\t\t\t\t\t                            <img alt=\"\" class=\"about-img img-responsive\" src=\"https:\/\/rustic.ro\/wp-content\/uploads\/2021\/08\/sarpanta_petre_dulfu.jpg\">\n\t\t\t\t\t\t\t\n\n                        <div class=\"dots\"><\/div>\n                    <\/div>\n                <\/div>\n            <\/div>\n        <\/div>\n    <\/section>\n\n\n\t<\/div><\/div><\/div><\/div><div class=\"vc_row wpb_row vc_row-fluid\"><div class=\"wpb_column vc_column_container vc_col-sm-2\"><div class=\"vc_column-inner\"><div class=\"wpb_wrapper\"><\/div><\/div><\/div><div class=\"wpb_column vc_column_container vc_col-sm-8\"><div class=\"vc_column-inner\"><div class=\"wpb_wrapper\">\n\t<div class=\"wpb_text_column wpb_content_element\" >\n\t\t<div class=\"wpb_wrapper\">\n\t\t\t<p>Dup\u0103 cum probabil a\u021bi realizat p\u00e2n\u0103 \u00een acest punct, ne plac provoc\u0103rile \u0219i ne plac construc\u021biile care necesit\u0103 o g\u00e2ndire vizionar\u0103 \u0219i solu\u021bii ingenioase. Dat fiind faptul c\u0103 avem utilaje de ultim\u0103 genera\u021bie \u0219i personal calificat, iar mai presus de toate expertiz\u0103, ne ocup\u0103m \u0219i de proiecte mai aparte. Acest stil de proiecte unice le denumim \u201clucr\u0103ri speciale\u201d, ce cuprind procese mai dificile, eforturi sus\u021binute \u0219i interven\u021bii pricepute.<\/p>\n<p>De obicei aceste ac\u021biuni sunt complexe, fiind formate din factori precum: \u00eencadrare \u00een timp, procese tehnologice \u0219i manipulare, grad ridicat de m\u0103iestrie, aten\u021bie la detalii \u0219i opera\u021biuni diverse. Pentru acest segment nu ne concentr\u0103m doar asupra construc\u021biilor de lemn sau asupra restaur\u0103rii monumentelor istorice, ci intervenim inclusiv \u00een lucr\u0103ri complicate de art\u0103 \u00een cadrul lucr\u0103rilor de drumuri \u0219i poduri (ex: Podul istoric de la Sighetul Marma\u021biei), amplasamente dificile (cu acces dificil), restaurarea coifurilor \u0219i a bisericilor cu \u0219i la \u00een\u0103l\u021bimi mari, liftare elemente cl\u0103dire, ferme din lemn masiv cu deschideri de 50m, cu reazem doar pe capete (ex: hala de 50 x 100 m la T\u0103u\u021bii de Sus). O alt\u0103 lucrare special\u0103 pentru noi a reprezentat restaurarea crucilor de la Cimitirul Vesel, S\u0103p\u00e2n\u021ba, unde am intervenit cu lucr\u0103ri minu\u021bioase de art\u0103 \u0219i restaurare pentru un num\u0103r de peste 50 de cruci, care erau printre cele mai afectate.<\/p>\n\n\t\t<\/div>\n\t<\/div>\n<\/div><\/div><\/div><div class=\"wpb_column vc_column_container vc_col-sm-2\"><div class=\"vc_column-inner\"><div class=\"wpb_wrapper\"><\/div><\/div><\/div><\/div><div data-vc-full-width=\"true\" data-vc-full-width-init=\"false\" class=\"vc_row wpb_row vc_row-fluid vc_custom_1584695155079 vc_row-has-fill\"><div class=\"wpb_column vc_column_container vc_col-sm-12\"><div class=\"vc_column-inner\"><div class=\"wpb_wrapper\"><section class=\"vc_cta3-container\"><div class=\"vc_general vc_cta3 vc_cta3-style-outline vc_cta3-shape-square vc_cta3-align-center vc_cta3-color-white vc_cta3-icon-size-md vc_cta3-actions-bottom\"><div class=\"vc_cta3_content-container\"><div class=\"vc_cta3-content\"><header class=\"vc_cta3-content-header\"><h2>Do you want to start a project?<\/h2><\/header><p>Tell us a few details about what you want and we will give you an estimate in the shortest time.<\/p>\n<\/div><div class=\"vc_cta3-actions\"><div class=\"vc_btn3-container vc_btn3-center\" ><a class=\"vc_general vc_btn3 vc_btn3-size-md vc_btn3-shape-square vc_btn3-style-outline vc_btn3-color-white\" href=\"https:\/\/rustic.ro\/en\/form\/\" title=\"\">Request for quotation<\/a><\/div><\/div><\/div><\/div><\/section><\/div><\/div><\/div><\/div><div class=\"vc_row-full-width vc_clearfix\"><\/div>","protected":false},"excerpt":{"rendered":"PRODUSE \u0218arpante \u0219i lucr\u0103ri speciale \"Realiz\u0103m \u0219arpante complexe din lemn pe CNC, pe care le mont\u0103m cu echipe profesioniste de dulgheri. Execut\u0103m diverse categorii de lucr\u0103ri cu grad mare de dificultate, atipice. Accept\u0103m cu interes provoc\u0103ri, \u00eencep\u00e2nd de la poduri, drumuri forestiere, restaur\u0103ri unice, p\u00e2n\u0103 la diguri, hale \u0219i diverse structuri utilitare.\" Cornel Cu\u0219ner Dup\u0103 [...]","protected":false},"author":1,"featured_media":2411,"parent":0,"menu_order":0,"comment_status":"closed","ping_status":"closed","template":"template-contacts.php","meta":{"_mi_skip_tracking":false},"yst_prominent_words":[],"_links":{"self":[{"href":"https:\/\/rustic.ro\/en\/wp-json\/wp\/v2\/pages\/1311"}],"collection":[{"href":"https:\/\/rustic.ro\/en\/wp-json\/wp\/v2\/pages"}],"about":[{"href":"https:\/\/rustic.ro\/en\/wp-json\/wp\/v2\/types\/page"}],"author":[{"embeddable":true,"href":"https:\/\/rustic.ro\/en\/wp-json\/wp\/v2\/users\/1"}],"replies":[{"embeddable":true,"href":"https:\/\/rustic.ro\/en\/wp-json\/wp\/v2\/comments?post=1311"}],"version-history":[{"count":2,"href":"https:\/\/rustic.ro\/en\/wp-json\/wp\/v2\/pages\/1311\/revisions"}],"predecessor-version":[{"id":2413,"href":"https:\/\/rustic.ro\/en\/wp-json\/wp\/v2\/pages\/1311\/revisions\/2413"}],"wp:featuredmedia":[{"embeddable":true,"href":"https:\/\/rustic.ro\/en\/wp-json\/wp\/v2\/media\/2411"}],"wp:attachment":[{"href":"https:\/\/rustic.ro\/en\/wp-json\/wp\/v2\/media?parent=1311"}],"wp:term":[{"taxonomy":"yst_prominent_words","embeddable":true,"href":"https:\/\/rustic.ro\/en\/wp-json\/wp\/v2\/yst_prominent_words?post=1311"}],"curies":[{"name":"wp","href":"https:\/\/api.w.org\/{rel}","templated":true}]}}