{"id":1194,"date":"2020-01-30T09:20:46","date_gmt":"2020-01-30T09:20:46","guid":{"rendered":"https:\/\/rustic.ro\/?page_id=1194"},"modified":"2020-04-01T10:36:24","modified_gmt":"2020-04-01T10:36:24","slug":"parteneri","status":"publish","type":"page","link":"https:\/\/rustic.ro\/en\/partners\/","title":{"rendered":"Partners"},"content":{"rendered":"<div class=\"vc_row wpb_row vc_row-fluid\"><div class=\"wpb_column vc_column_container vc_col-sm-12\"><div class=\"vc_column-inner\"><div class=\"wpb_wrapper\">\n\n    <main\n            class=\"page-header-3\"  >\n        <div class=\"container\">\n            <div class=\"row\">\n                <div class=\"col-md-3\">\n                    <div class=\"title-hr\"><\/div>\n                <\/div>\n                <div class=\"col-md-8 col-lg-6\"><h1>Partners<\/h1><\/div>\n            <\/div>\n        <\/div>\n    <\/main>\n\t<\/div><\/div><\/div><\/div><div class=\"vc_row wpb_row vc_row-fluid\"><div class=\"wpb_column vc_column_container vc_col-sm-12\"><div class=\"vc_column-inner\"><div class=\"wpb_wrapper\">\n\n    <section\n            class=\"section-clients section bg-dots\"  >\n        <div class=\"container\">\n            <h2 class=\"section-title\"><\/h2>\n            <div class=\"client-carousel owl-carousel\">\n\t\t\t\t            <\/div>\n            <div class=\"partner-carousel owl-carousel\">\n\t\t\t\t                        <div class=\"partner-carousel-item\">\n\n\t\t\t\t\t\t                            <img alt=\"\" src=\"https:\/\/rustic.ro\/wp-content\/uploads\/2020\/03\/holver.png\">\n                            <\/div>\n\t\t\t\t\t\t                        <div class=\"partner-carousel-item\">\n\n\t\t\t\t\t\t                            <img alt=\"\" src=\"https:\/\/rustic.ro\/wp-content\/uploads\/2020\/03\/mathaus.png\">\n                            <\/div>\n\t\t\t\t\t\t                        <div class=\"partner-carousel-item\">\n\n\t\t\t\t\t\t                            <img alt=\"\" src=\"https:\/\/rustic.ro\/wp-content\/uploads\/2020\/01\/LOGO-WEB-ROTHBLAS.png\">\n                            <\/div>\n\t\t\t\t\t\t                        <div class=\"partner-carousel-item\">\n\n\t\t\t\t\t\t                            <img alt=\"\" src=\"https:\/\/rustic.ro\/wp-content\/uploads\/2020\/03\/bochemit.png\">\n                            <\/div>\n\t\t\t\t\t\t                        <div class=\"partner-carousel-item\">\n\n\t\t\t\t\t\t                            <img alt=\"\" src=\"https:\/\/rustic.ro\/wp-content\/uploads\/2020\/03\/mitek.png\">\n                            <\/div>\n\t\t\t\t\t\t                        <div class=\"partner-carousel-item\">\n\n\t\t\t\t\t\t                            <img alt=\"\" src=\"https:\/\/rustic.ro\/wp-content\/uploads\/2020\/03\/egger.png\">\n                            <\/div>\n\t\t\t\t\t\t                        <div class=\"partner-carousel-item\">\n\n\t\t\t\t\t\t                            <img alt=\"\" src=\"https:\/\/rustic.ro\/wp-content\/uploads\/2020\/03\/euronarcis.png\">\n                            <\/div>\n\t\t\t\t\t\t                        <div class=\"partner-carousel-item\">\n\n\t\t\t\t\t\t                            <img alt=\"\" src=\"https:\/\/rustic.ro\/wp-content\/uploads\/2020\/03\/proiecte-din-case-de-lemn.png\">\n                            <\/div>\n\t\t\t\t\t\t                        <div class=\"partner-carousel-item\">\n\n\t\t\t\t\t\t                            <img alt=\"\" src=\"https:\/\/rustic.ro\/wp-content\/uploads\/2020\/03\/tehnica.png\">\n                            <\/div>\n\t\t\t\t\t\t                        <div class=\"partner-carousel-item\">\n\n\t\t\t\t\t\t                            <img alt=\"\" src=\"https:\/\/rustic.ro\/wp-content\/uploads\/2020\/03\/lomilux.png\">\n                            <\/div>\n\t\t\t\t\t\t                        <div class=\"partner-carousel-item\">\n\n\t\t\t\t\t\t                            <img alt=\"\" src=\"https:\/\/rustic.ro\/wp-content\/uploads\/2020\/03\/sun-leader.png\">\n                            <\/div>\n\t\t\t\t\t\t                        <div class=\"partner-carousel-item\">\n\n\t\t\t\t\t\t                            <img alt=\"\" src=\"https:\/\/rustic.ro\/wp-content\/uploads\/2020\/03\/inginerie-creativa.png\">\n                            <\/div>\n\t\t\t\t\t\t            <\/div>\n        <\/div>\n    <\/section>\n\n\t<\/div><\/div><\/div><\/div><div data-vc-full-width=\"true\" data-vc-full-width-init=\"false\" class=\"vc_row wpb_row vc_row-fluid vc_custom_1584695155079 vc_row-has-fill\"><div class=\"wpb_column vc_column_container vc_col-sm-12\"><div class=\"vc_column-inner\"><div class=\"wpb_wrapper\"><section class=\"vc_cta3-container\"><div class=\"vc_general vc_cta3 vc_cta3-style-outline vc_cta3-shape-square vc_cta3-align-center vc_cta3-color-white vc_cta3-icon-size-md vc_cta3-actions-bottom\"><div class=\"vc_cta3_content-container\"><div class=\"vc_cta3-content\"><header class=\"vc_cta3-content-header\"><h2>Do you want to start a project?<\/h2><\/header><p>Tell us a few details about what you want and we will give you an estimate in the shortest time.<\/p>\n<\/div><div class=\"vc_cta3-actions\"><div class=\"vc_btn3-container vc_btn3-center\" ><a class=\"vc_general vc_btn3 vc_btn3-size-md vc_btn3-shape-square vc_btn3-style-outline vc_btn3-color-white\" href=\"https:\/\/rustic.ro\/en\/form\/\" title=\"\">Request for quotation<\/a><\/div><\/div><\/div><\/div><\/section><\/div><\/div><\/div><\/div><div class=\"vc_row-full-width vc_clearfix\"><\/div>","protected":false},"excerpt":{"rendered":"Parteneri Vrei s\u0103 \u00eencepem un proiect?Spune-ne c\u00e2teva detalii despre ceea ce \u00ee\u021bi dore\u0219ti, iar noi \u00ee\u021bi vom oferi, \u00een cel mai scurt timp, o estimare. Cere ofert\u0103","protected":false},"author":1,"featured_media":0,"parent":0,"menu_order":0,"comment_status":"closed","ping_status":"closed","template":"template-contacts.php","meta":{"_mi_skip_tracking":false},"yst_prominent_words":[],"_links":{"self":[{"href":"https:\/\/rustic.ro\/en\/wp-json\/wp\/v2\/pages\/1194"}],"collection":[{"href":"https:\/\/rustic.ro\/en\/wp-json\/wp\/v2\/pages"}],"about":[{"href":"https:\/\/rustic.ro\/en\/wp-json\/wp\/v2\/types\/page"}],"author":[{"embeddable":true,"href":"https:\/\/rustic.ro\/en\/wp-json\/wp\/v2\/users\/1"}],"replies":[{"embeddable":true,"href":"https:\/\/rustic.ro\/en\/wp-json\/wp\/v2\/comments?post=1194"}],"version-history":[{"count":0,"href":"https:\/\/rustic.ro\/en\/wp-json\/wp\/v2\/pages\/1194\/revisions"}],"wp:attachment":[{"href":"https:\/\/rustic.ro\/en\/wp-json\/wp\/v2\/media?parent=1194"}],"wp:term":[{"taxonomy":"yst_prominent_words","embeddable":true,"href":"https:\/\/rustic.ro\/en\/wp-json\/wp\/v2\/yst_prominent_words?post=1194"}],"curies":[{"name":"wp","href":"https:\/\/api.w.org\/{rel}","templated":true}]}}