{"id":1190,"date":"2020-01-30T08:48:59","date_gmt":"2020-01-30T08:48:59","guid":{"rendered":"https:\/\/rustic.ro\/?page_id=1190"},"modified":"2021-08-24T12:54:15","modified_gmt":"2021-08-24T12:54:15","slug":"viziune","status":"publish","type":"page","link":"https:\/\/rustic.ro\/en\/vision\/","title":{"rendered":"Our vision and mission"},"content":{"rendered":"<div class=\"vc_row wpb_row vc_row-fluid\"><div class=\"wpb_column vc_column_container vc_col-sm-12\"><div class=\"vc_column-inner\"><div class=\"wpb_wrapper\">\n\n    <main\n            class=\"page-header-3\"  >\n        <div class=\"container\">\n            <div class=\"row\">\n                <div class=\"col-md-3\">\n                    <div class=\"title-hr\"><\/div>\n                <\/div>\n                <div class=\"col-md-8 col-lg-6\"><h1>Our vision and mission<\/h1><\/div>\n            <\/div>\n        <\/div>\n    <\/main>\n\t<\/div><\/div><\/div><\/div><div class=\"vc_row wpb_row vc_row-fluid\"><div class=\"wpb_column vc_column_container vc_col-sm-3\"><div class=\"vc_column-inner\"><div class=\"wpb_wrapper\"><\/div><\/div><\/div><div class=\"wpb_column vc_column_container vc_col-sm-6\"><div class=\"vc_column-inner\"><div class=\"wpb_wrapper\">\n\t<div class=\"wpb_text_column wpb_content_element\" >\n\t\t<div class=\"wpb_wrapper\">\n\t\t\t<p>Noi d\u0103m suflet lemnului de peste 26 de ani, cu asta ne m\u00e2ndrim \u0219i asta dorim s\u0103 facem \u00een continuare. Suntem pasiona\u021bi de ceea ce realiz\u0103m \u0219i punem suflet \u00een fiecare lucrare. Avem o larg\u0103 selec\u021bie de produse \u0219i servicii pe care le putem oferi, iar tot ceea ce cl\u0103dim este personalizat dup\u0103 nevoile \u0219i ideile clientului. Cu noi, pute\u021bi construi tot ceea ce v\u0103 imagina\u021bi, ba chiar mai mult, echipa noastr\u0103 va veni cu idei \u0219i tehnologie inovatoare pentru a putea sus\u021bine unicitatea alegerilor clientului.<br \/>\n<span style=\"color: #82af38;\"><strong>Viziunea noastr\u0103<\/strong><\/span> este s\u0103 fim lideri pe pia\u021ba construc\u021biilor din lemn \u0219i restaur\u0103rilor de monumente istorice \u00een Rom\u00e2nia, \u0219i s\u0103 cucerim \u0219i pia\u021ba interna\u021bional\u0103, toate astea prin construc\u021bii unicate, durabile \u0219i de calitate.<br \/>\n<span style=\"color: #82af38;\"><strong>Misiunea noastr\u0103<\/strong><\/span> este s\u0103 lucr\u0103m \u00een a\u0219a natur\u0103 \u00eenc\u00e2t s\u0103 ii mul\u021bumim pe beneficiari \u0219i s\u0103 ne asigur\u0103m c\u0103 ace\u0219tia vor fi \u00eenc\u00e2nta\u021bi de ce ceea ce le livr\u0103m.<br \/>\nSuntem deschi\u0219i \u00een raport cu oamenii, cu ideile, cu inovarea \u0219i cu dezvoltarea \u0219i aspir\u0103m spre \u00eembun\u0103t\u0103\u021birea calit\u0103\u021bii vie\u021bii cet\u0103\u021benilor \u00een construc\u021biile pe care le realiz\u0103m. De la restaurare \u0219i \u00eentre\u021binere monumente istorice, la case \u0219i cabane din lemn, structuri utilitare sau industriale, la absolut orice element de design sau orice nevoie creativ\u0103 care necesit\u0103 iscusin\u021ba noastr\u0103.<br \/>\nRolul nostru este de a avansa \u00een tot ceea ce facem \u0219i de a spori climatul intelectual \u0219i percep\u021bia cet\u0103\u021benilor sau a beneficiarilor cu privire la calitatea Rustic \u0219i a necesi\u0103\u021bii de conservare, durabilitate \u0219i comfort psihic \u0219i fizic \u00een raport cu construc\u021biile pe care le putem realiza.<br \/>\nLucr\u0103m la cele mai \u00eenalte standarte de calitate \u00een context na\u021bional \u0219i interna\u021bional pentru dezvoltarea \u0219i reabilitarea construc\u021biilor \u0219i pentru \u00eemboga\u021birea cultural\u0103 \u0219i personal\u0103 a zonelor \u00een care construim sau a beneficiarilor pe care \u00eencerc\u0103m permanent s\u0103 ii surprindem \u00een mod pl\u0103cut.<\/p>\n\n\t\t<\/div>\n\t<\/div>\n<\/div><\/div><\/div><div class=\"wpb_column vc_column_container vc_col-sm-3\"><div class=\"vc_column-inner\"><div class=\"wpb_wrapper\"><\/div><\/div><\/div><\/div><div class=\"vc_row wpb_row vc_row-fluid\"><div class=\"wpb_column vc_column_container vc_col-sm-12\"><div class=\"vc_column-inner\"><div class=\"wpb_wrapper\">\n\n    <section\n            class=\"section-clients section bg-dots\"  >\n        <div class=\"container\">\n            <h2 class=\"section-title\">Certificates<\/h2>\n            <div class=\"client-carousel owl-carousel\">\n\t\t\t\t\n                        <div class=\"client-carousel-item\">\n\t\t\t\t\t\t\t                            <div class=\"client-box\">\n\t\t\t\t\t\t\t\t                                <div class=\"client-title\">\n\t\t\t\t\t\t\t\t\t                                        <span class=\"client-name\">CERTIFICATE OF MERIT <\/span>\n\t\t\t\t\t\t\t\t\t\t\t\t\t\t\t\t\t\t\t                                        <span\n                                                class=\"client-company\">Alba Iulia<\/span>\n\t\t\t\t\t\t\t\t\t\t                                <\/div>\n                                <p class=\"client-description\">FOR HIS ENTIRE ACTIVITY, DEDICATED TO THE PROTECTION, PRESERVATION AND RESTORATION OF ROMANIAN HISTORIC MONUMENTS \u2013 29.10.2010 \u2013 THE RESTORATION TRIENNALE<\/p>\n                            <\/div>\n                        <\/div>\n\t\t\t\t\t\n                        <div class=\"client-carousel-item\">\n\t\t\t\t\t\t\t                            <div class=\"client-box\">\n\t\t\t\t\t\t\t\t                                <div class=\"client-title\">\n\t\t\t\t\t\t\t\t\t                                        <span class=\"client-name\">CERTIFICATE OF EXCELLENCE<\/span>\n\t\t\t\t\t\t\t\t\t\t\t\t\t\t\t\t\t\t\t                                        <span\n                                                class=\"client-company\">JULY 29, 2011.<\/span>\n\t\t\t\t\t\t\t\t\t\t                                <\/div>\n                                <p class=\"client-description\"> THE PREFECT\u2019S OFFICE OF THE MARAMURES COUNTY \u2013 BAIA MARE<\/p>\n                            <\/div>\n                        <\/div>\n\t\t\t\t\t\n                        <div class=\"client-carousel-item\">\n\t\t\t\t\t\t\t                            <div class=\"client-box\">\n\t\t\t\t\t\t\t\t                                <div class=\"client-title\">\n\t\t\t\t\t\t\t\t\t                                        <span class=\"client-name\">CERTIFICATE OF EXCELLENCE<\/span>\n\t\t\t\t\t\t\t\t\t\t\t\t\t\t\t\t\t\t\t                                        <span\n                                                class=\"client-company\">JULY 29, 2011.<\/span>\n\t\t\t\t\t\t\t\t\t\t                                <\/div>\n                                <p class=\"client-description\">THE REGIONAL COUNCIL OF THE MARAMURES COUNTY \u2013 BAIA MARE<\/p>\n                            <\/div>\n                        <\/div>\n\t\t\t\t\t\n                        <div class=\"client-carousel-item\">\n\t\t\t\t\t\t\t                            <div class=\"client-box\">\n\t\t\t\t\t\t\t\t                                <div class=\"client-title\">\n\t\t\t\t\t\t\t\t\t                                        <span class=\"client-name\">FRIENDS OF THE ARTS CERTIFICATE<\/span>\n\t\t\t\t\t\t\t\t\t\t\t\t\t\t\t\t\t\t\t                                        <span\n                                                class=\"client-company\">CONF.UNIV. DR. NICOLAE SUCIU<\/span>\n\t\t\t\t\t\t\t\t\t\t                                <\/div>\n                                <p class=\"client-description\">PRESIDENT OF THE FINE ARTISTS\u2019 UNION<\/p>\n                            <\/div>\n                        <\/div>\n\t\t\t\t\t\n                        <div class=\"client-carousel-item\">\n\t\t\t\t\t\t\t                            <div class=\"client-box\">\n\t\t\t\t\t\t\t\t                                <div class=\"client-title\">\n\t\t\t\t\t\t\t\t\t                                        <span class=\"client-name\">CERTIFICATE OF EXCELLENCE<\/span>\n\t\t\t\t\t\t\t\t\t\t\t\t\t\t\t\t\t\t\t                                        <span\n                                                class=\"client-company\">September 13, 2011<\/span>\n\t\t\t\t\t\t\t\t\t\t                                <\/div>\n                                <p class=\"client-description\">MINISTRY OF ADMINISTRATION AND OF INTERNAL AFFAIRS, THE \u2019\u2019GHEORGHE POP DE BASESTI\u201c EMERGENCY SITUATIONS INSPECTORATE OF THE MARAMURES COUNTY<\/p>\n                            <\/div>\n                        <\/div>\n\t\t\t\t\t\n                        <div class=\"client-carousel-item\">\n\t\t\t\t\t\t\t                            <div class=\"client-box\">\n\t\t\t\t\t\t\t\t                                <div class=\"client-title\">\n\t\t\t\t\t\t\t\t\t                                        <span class=\"client-name\">ACKNOWLEDGEMENT CERTIFICATE<\/span>\n\t\t\t\t\t\t\t\t\t\t\t\t\t\t\t\t\t\t\t                                        <span\n                                                class=\"client-company\">October 9, 2011<\/span>\n\t\t\t\t\t\t\t\t\t\t                                <\/div>\n                                <p class=\"client-description\">THE ROMANIAN ORTHODOX BISHOPRIC OF MARAMURES AND SATMAR<\/p>\n                            <\/div>\n                        <\/div>\n\t\t\t\t\t\n                        <div class=\"client-carousel-item\">\n\t\t\t\t\t\t\t                            <div class=\"client-box\">\n\t\t\t\t\t\t\t\t                                <div class=\"client-title\">\n\t\t\t\t\t\t\t\t\t                                        <span class=\"client-name\">CERTIFICATE OF EXCELLENCE<\/span>\n\t\t\t\t\t\t\t\t\t\t\t\t\t\t\t\t\t\t\t                                        <span\n                                                class=\"client-company\">25.10.2011<\/span>\n\t\t\t\t\t\t\t\t\t\t                                <\/div>\n                                <p class=\"client-description\">THE LOCAL COUNCIL AND THE MAYOR\u2019S OFFICE OF COPALNIC MANASTUR <\/p>\n                            <\/div>\n                        <\/div>\n\t\t\t\t\t\n                        <div class=\"client-carousel-item\">\n\t\t\t\t\t\t\t                            <div class=\"client-box\">\n\t\t\t\t\t\t\t\t                                <div class=\"client-title\">\n\t\t\t\t\t\t\t\t\t                                        <span class=\"client-name\">CERTIFICATE OF HONOUR<\/span>\n\t\t\t\t\t\t\t\t\t\t\t\t\t\t\t\t\t\t\t                                        <span\n                                                class=\"client-company\">September, 2012<\/span>\n\t\t\t\t\t\t\t\t\t\t                                <\/div>\n                                <p class=\"client-description\"> \u201cST. ANDREW THE APOSTLE\u201d \u2013 PROTECTOR OF ROMANIA \u2013 DANIEL, THE PATRIARCH OF THE ROMANIAN ORTODHOX CHURCH<\/p>\n                            <\/div>\n                        <\/div>\n\t\t\t\t\t\n                        <div class=\"client-carousel-item\">\n\t\t\t\t\t\t\t                            <div class=\"client-box\">\n\t\t\t\t\t\t\t\t                                <div class=\"client-title\">\n\t\t\t\t\t\t\t\t\t                                        <span class=\"client-name\">CITIZEN OF HONOUR OF COPALNIC MANASTUR<\/span>\n\t\t\t\t\t\t\t\t\t\t\t\t\t\t\t\t\t\t\t                                        <span\n                                                class=\"client-company\">2012<\/span>\n\t\t\t\t\t\t\t\t\t\t                                <\/div>\n                                <p class=\"client-description\">THE CITY OF COPALNIC MANASTUR<\/p>\n                            <\/div>\n                        <\/div>\n\t\t\t\t\t\n                        <div class=\"client-carousel-item\">\n\t\t\t\t\t\t\t                            <div class=\"client-box\">\n\t\t\t\t\t\t\t\t                                <div class=\"client-title\">\n\t\t\t\t\t\t\t\t\t                                        <span class=\"client-name\">CERTIFICATE OF HONOUR<\/span>\n\t\t\t\t\t\t\t\t\t\t\t\t\t\t\t\t\t\t\t                                        <span\n                                                class=\"client-company\">January 13, 2012<\/span>\n\t\t\t\t\t\t\t\t\t\t                                <\/div>\n                                <p class=\"client-description\">THE REGIONAL DIRECTORATE FOR CULTURE AND NATIONAL PATRIMONY OF SALAJ<\/p>\n                            <\/div>\n                        <\/div>\n\t\t\t\t\t\n                        <div class=\"client-carousel-item\">\n\t\t\t\t\t\t\t                            <div class=\"client-box\">\n\t\t\t\t\t\t\t\t                                <div class=\"client-title\">\n\t\t\t\t\t\t\t\t\t                                        <span class=\"client-name\">CERTIFICATE OF SKILLFULNESS<\/span>\n\t\t\t\t\t\t\t\t\t\t\t\t\t\t\t\t\t\t\t                                        <span\n                                                class=\"client-company\">The Chioar Archpriestship.<\/span>\n\t\t\t\t\t\t\t\t\t\t                                <\/div>\n                                <p class=\"client-description\">THE ROMANIAN ORTHODOX BISHOPRIC OF MARAMURES AND SATMAR \u2013 as a sign of high appreciation and esteem for the contribution to the restoration of the historic monument church under the patronage of \u201cSt. Archangels Michael and Gabriel al St. Joseph the Confessor\u201d of the Buzesti Parish<\/p>\n                            <\/div>\n                        <\/div>\n\t\t\t\t\t\n                        <div class=\"client-carousel-item\">\n\t\t\t\t\t\t\t                            <div class=\"client-box\">\n\t\t\t\t\t\t\t\t                                <div class=\"client-title\">\n\t\t\t\t\t\t\t\t\t                                        <span class=\"client-name\">CERTIFICATE OF EXCELLENCE<\/span>\n\t\t\t\t\t\t\t\t\t\t\t\t\t\t\t\t\t\t\t                                        <span\n                                                class=\"client-company\">25 UNRMI <\/span>\n\t\t\t\t\t\t\t\t\t\t                                <\/div>\n                                <p class=\"client-description\">FOR HIS ENTIRE ACTIVITY IN THE FIELD OF HISTORIC MONUMENTS\u2019 RESTORATION<\/p>\n                            <\/div>\n                        <\/div>\n\t\t\t\t\t\n                        <div class=\"client-carousel-item\">\n\t\t\t\t\t\t\t                            <div class=\"client-box\">\n\t\t\t\t\t\t\t\t                                <div class=\"client-title\">\n\t\t\t\t\t\t\t\t\t                                        <span class=\"client-name\">RESTORATION TRIENNALE 2016 PRIZE OF THE JURY FOR THE \u201cCITADEL SQUARE AND STEPHEN\u2019S TOWER OF BAIA MARE\u201d PROJECT<\/span>\n\t\t\t\t\t\t\t\t\t\t\t\t\t\t\t\t\t\t\t                                <\/div>\n                                <p class=\"client-description\"><\/p>\n                            <\/div>\n                        <\/div>\n\t\t\t\t\t\n                        <div class=\"client-carousel-item\">\n\t\t\t\t\t\t\t                            <div class=\"client-box\">\n\t\t\t\t\t\t\t\t                                <div class=\"client-title\">\n\t\t\t\t\t\t\t\t\t                                        <span class=\"client-name\">RESTORATION TRIENNALE 2016 PRIZE OF THE JURY FOR THE \u201cCITADEL SQUARE AND STEPHEN\u2019S TOWER OF BAIA MARE\u201d PROJECT<\/span>\n\t\t\t\t\t\t\t\t\t\t\t\t\t\t\t\t\t\t\t                                        <span\n                                                class=\"client-company\"> BAIA MARE<\/span>\n\t\t\t\t\t\t\t\t\t\t                                <\/div>\n                                <p class=\"client-description\"><\/p>\n                            <\/div>\n                        <\/div>\n\t\t\t\t\t            <\/div>\n            <div class=\"partner-carousel owl-carousel\">\n\t\t\t\t                        <div class=\"partner-carousel-item\">\n\n\t\t\t\t\t\t                            <img alt=\"\" src=\"https:\/\/rustic.ro\/wp-content\/uploads\/2020\/01\/ISO1.jpg\">\n                            <\/div>\n\t\t\t\t\t\t                        <div class=\"partner-carousel-item\">\n\n\t\t\t\t\t\t                            <img alt=\"\" src=\"https:\/\/rustic.ro\/wp-content\/uploads\/2020\/01\/ISO2.jpg\">\n                            <\/div>\n\t\t\t\t\t\t                        <div class=\"partner-carousel-item\">\n\n\t\t\t\t\t\t                            <img alt=\"\" src=\"https:\/\/rustic.ro\/wp-content\/uploads\/2020\/01\/ISO3.jpg\">\n                            <\/div>\n\t\t\t\t\t\t                        <div class=\"partner-carousel-item\">\n\n\t\t\t\t\t\t                            <img alt=\"\" src=\"https:\/\/rustic.ro\/wp-content\/uploads\/2020\/01\/ISO4.jpg\">\n                            <\/div>\n\t\t\t\t\t\t            <\/div>\n        <\/div>\n    <\/section>\n\n\t<\/div><\/div><\/div><\/div><div class=\"vc_row wpb_row vc_row-fluid\"><div class=\"wpb_column vc_column_container vc_col-sm-12\"><div class=\"vc_column-inner\"><div class=\"wpb_wrapper\">\n\t<div class=\"wpb_text_column wpb_content_element\" >\n\t\t<div class=\"wpb_wrapper\">\n\t\t\t\n\t\t<\/div>\n\t<\/div>\n<\/div><\/div><\/div><\/div><div data-vc-full-width=\"true\" data-vc-full-width-init=\"false\" class=\"vc_row wpb_row vc_row-fluid vc_custom_1584695155079 vc_row-has-fill\"><div class=\"wpb_column vc_column_container vc_col-sm-12\"><div class=\"vc_column-inner\"><div class=\"wpb_wrapper\"><section class=\"vc_cta3-container\"><div class=\"vc_general vc_cta3 vc_cta3-style-outline vc_cta3-shape-square vc_cta3-align-center vc_cta3-color-white vc_cta3-icon-size-md vc_cta3-actions-bottom\"><div class=\"vc_cta3_content-container\"><div class=\"vc_cta3-content\"><header class=\"vc_cta3-content-header\"><h2>Do you want to start a project?<\/h2><\/header><p>Tell us a few details about what you want and we will give you an estimate in the shortest time.<\/p>\n<\/div><div class=\"vc_cta3-actions\"><div class=\"vc_btn3-container vc_btn3-center\" ><a class=\"vc_general vc_btn3 vc_btn3-size-md vc_btn3-shape-square vc_btn3-style-outline vc_btn3-color-white\" href=\"https:\/\/rustic.ro\/en\/form\/\" title=\"\">Request for quotation<\/a><\/div><\/div><\/div><\/div><\/section><\/div><\/div><\/div><\/div><div class=\"vc_row-full-width vc_clearfix\"><\/div>","protected":false},"excerpt":{"rendered":"Viziune \u0219i misiune Noi d\u0103m suflet lemnului de peste 26 de ani, cu asta ne m\u00e2ndrim \u0219i asta dorim s\u0103 facem \u00een continuare. Suntem pasiona\u021bi de ceea ce realiz\u0103m \u0219i punem suflet \u00een fiecare lucrare. Avem o larg\u0103 selec\u021bie de produse \u0219i servicii pe care le putem oferi, iar tot ceea ce cl\u0103dim este personalizat [...]","protected":false},"author":1,"featured_media":0,"parent":0,"menu_order":0,"comment_status":"closed","ping_status":"closed","template":"template-contacts.php","meta":{"_mi_skip_tracking":false},"yst_prominent_words":[],"_links":{"self":[{"href":"https:\/\/rustic.ro\/en\/wp-json\/wp\/v2\/pages\/1190"}],"collection":[{"href":"https:\/\/rustic.ro\/en\/wp-json\/wp\/v2\/pages"}],"about":[{"href":"https:\/\/rustic.ro\/en\/wp-json\/wp\/v2\/types\/page"}],"author":[{"embeddable":true,"href":"https:\/\/rustic.ro\/en\/wp-json\/wp\/v2\/users\/1"}],"replies":[{"embeddable":true,"href":"https:\/\/rustic.ro\/en\/wp-json\/wp\/v2\/comments?post=1190"}],"version-history":[{"count":2,"href":"https:\/\/rustic.ro\/en\/wp-json\/wp\/v2\/pages\/1190\/revisions"}],"predecessor-version":[{"id":2622,"href":"https:\/\/rustic.ro\/en\/wp-json\/wp\/v2\/pages\/1190\/revisions\/2622"}],"wp:attachment":[{"href":"https:\/\/rustic.ro\/en\/wp-json\/wp\/v2\/media?parent=1190"}],"wp:term":[{"taxonomy":"yst_prominent_words","embeddable":true,"href":"https:\/\/rustic.ro\/en\/wp-json\/wp\/v2\/yst_prominent_words?post=1190"}],"curies":[{"name":"wp","href":"https:\/\/api.w.org\/{rel}","templated":true}]}}