{"id":1181,"date":"2020-01-30T08:09:27","date_gmt":"2020-01-30T08:09:27","guid":{"rendered":"https:\/\/rustic.ro\/?page_id=1181"},"modified":"2021-08-24T12:46:20","modified_gmt":"2021-08-24T12:46:20","slug":"lucrari","status":"publish","type":"page","link":"https:\/\/rustic.ro\/en\/works\/","title":{"rendered":"Representative works"},"content":{"rendered":"<div class=\"vc_row wpb_row vc_row-fluid\"><div class=\"wpb_column vc_column_container vc_col-sm-12\"><div class=\"vc_column-inner\"><div class=\"wpb_wrapper\">\n\n    <main\n            class=\"page-header-3\"  id=\"headlucrari\"  >\n        <div class=\"container\">\n            <div class=\"row\">\n                <div class=\"col-md-3\">\n                    <div class=\"title-hr\"><\/div>\n                <\/div>\n                <div class=\"col-md-8 col-lg-6\"><h1>Portfolio<\/h1><\/div>\n            <\/div>\n        <\/div>\n    <\/main>\n\t<\/div><\/div><\/div><\/div><div class=\"vc_row wpb_row vc_row-fluid\"><div class=\"wpb_column vc_column_container vc_col-sm-1\/5\"><div class=\"vc_column-inner\"><div class=\"wpb_wrapper\"><\/div><\/div><\/div><div class=\"wpb_column vc_column_container vc_col-sm-4\/5\"><div class=\"vc_column-inner\"><div class=\"wpb_wrapper\">\n\t<div class=\"wpb_text_column wpb_content_element\" >\n\t\t<div class=\"wpb_wrapper\">\n\t\t\t<h2 style=\"text-align: left;\"><strong><span style=\"color: #82af38;\">RENOVATION AND RESTORATION WORKS<\/span><\/strong><\/h2>\n<p>01. Centru de primire \u015fi \u00eengrijire a copilului \u2013 Hope and Home for Children Baia Mare, Rom\u00e2nia<br \/>\n02. Restaur\u0103ri \u015fi consolid\u0103ri la castelul TELEKY din Pribile\u015fti, jud. Maramure\u015f (monument istoric);<br \/>\n03. Restaur\u0103ri \u015fi consolid\u0103ri la castelul Satulung, jud. Maramure\u015f (monument istoric);<br \/>\n04. Restaur\u0103ri \u015fi consolid\u0103ri la Cetatea Oradea (monument istoric);<br \/>\n05. Restorations and consolidation of the BAY and SCHREIBER houses in Baia Mare (historic monuments);<br \/>\n06. Restaur\u0103ri, consolid\u0103ri Muzeul Jude\u0163ean Maramure\u015f;<br \/>\n07. Restaur\u0103ri, consolid\u0103ri Muzeul de Art\u0103 \u015fi Istorie Bucure\u015fti;<br \/>\n08. Finisaje interioare Muzeul de Art\u0103 \u015fi Muzeul de Istorie \u2013 Baia Mare;<br \/>\n09. Consolidare, Imobil Casa Memorial\u0103 Tudor Arghezi, Bucure\u015fti;<br \/>\n10. Rehabilitation and promotion of the cultural and historical identity of the Citadel Square \u2013 Stephen\u2019s Tower of Baia Mare;<br \/>\n11. Sculpted items and carpentry application, wainscotting Placare \u2013 the Art Museum of Timisoara \u2013 the Baroque Hall<br \/>\n12. Restoration \u2013 revival of the Butchers\u2019 Bastion<br \/>\n13. Conservare-restaurare prin opera\u021biuni de demontare, evacuare, conservare restaurare, remontare St\u0103vilar &#8211; S.C. Modatim Business Facility S.A. \u2013 Timi\u0219oara<br \/>\n14. Execu\u0163ie repara\u021bii si interven\u021bii de urgen\u021b\u0103 \u201eCl\u0103dire Bro\u0219teni\u201e &#8211; Suceava<br \/>\n15. Consolidare \u0219i restaurare a Colonadei din ora\u0219ul Buzia\u0219<\/p>\n\n\t\t<\/div>\n\t<\/div>\n<\/div><\/div><\/div><\/div><div class=\"vc_row wpb_row vc_row-fluid\"><div class=\"wpb_column vc_column_container vc_col-sm-1\/5\"><div class=\"vc_column-inner\"><div class=\"wpb_wrapper\"><\/div><\/div><\/div><div class=\"wpb_column vc_column_container vc_col-sm-4\/5\"><div class=\"vc_column-inner\"><div class=\"wpb_wrapper\">\n\t<div class=\"wpb_text_column wpb_content_element\" >\n\t\t<div class=\"wpb_wrapper\">\n\t\t\t<h2 style=\"text-align: left;\"><strong><span style=\"color: #82af38;\">RESTORED CHURCHES<\/span><\/strong><\/h2>\n<p>01. Biserica de lemn S\u0102C\u0102L\u0102\u015eENI, jud. Maramure\u015f<br \/>\n02. Biserica de zid\u0103rie COA\u015e, jud. Maramure\u015f<br \/>\n03. Biserica de lemn BUZE\u015eTI, jud. Maramure\u015f<br \/>\n04. Biserica de lemn COSTENI, jud. Maramure\u0219<br \/>\n05. Biserica de lemn VIMA MIC\u0102, jud. Maramure\u015f<br \/>\n06. Biserica de lemn L\u0102PU\u015eUL ROM\u00c2NESC, jud. Maramure\u015f<br \/>\n07. Biserica de lemn R\u0102ZOARE, jud. Maramure\u015f<br \/>\n08. Biserica de lemn CULCEA, jud. Maramure\u015f<br \/>\n09. Biserica de lemn GLOD, jud. Maramure\u015f<br \/>\n10. Biserica de lemn ARDUZEL, jud. Maramure\u015f<br \/>\n11. Biserica de lemn BICAZ, jud. Maramure\u015f<br \/>\n12. Biserica de lemn V\u0102LENII \u015eOMCUTEI, jud. Maramure\u015f<br \/>\n13. Biserica de lemn C\u0102LINE\u015eTI, jud. Maramure\u015f<br \/>\n14. Biserica de zid\u0103rie RUS, jud. Maramure\u015f<br \/>\n15. Biserica de lemn Bogdan Vod\u0103, jud. Maramure\u015f<br \/>\n16. Biserica de lemn Dr\u0103ghia, jud. Maramure\u015f<br \/>\n17.Biserica de lemn Stolojan, jud. Gorj<br \/>\n18. Biserica de lemn Bujoreni, jud. V\u00e2lcea<br \/>\n19. Biserica de lemn C\u0103rpini\u015f, jud. Maramure\u015f<br \/>\n20. Biserica de lemn Videle, jud. Teleorman<br \/>\n21. Biserica de lemn St\u0103nija \u2013 Jud. Hunedoara<br \/>\n22. Biserica de zid\u0103rie Sf. Apostoli- T\u0103u\u0163ii de Sus, jud. Maramure\u015f<br \/>\n23. Biserica de zid\u0103rie F\u00e2st\u00e2ci, jud. Vaslui<br \/>\n24. Biserica de lemn Frasin Deal, jud. D\u00e2mbovi\u021ba<br \/>\n25. Biserica de lemn Frasin Vale, jud. D\u00e2mbovi\u021ba<br \/>\n26. Biserica de lemn Valea S\u0103rii, jud. D\u00e2mbovi\u021ba<br \/>\n27. Biserica de lemn \u015eerbe\u015fti, jud. D\u00e2mbovi\u021ba<br \/>\n28. Biserica de lemn Mislea, , jud. D\u00e2mbovi\u021ba<br \/>\n29. Biserica de lemn L\u0103schia, jud. Maramure\u015f<br \/>\n30. Biserica de lemn Valea Stejarului, jud. Maramure\u015f<br \/>\n31. Biserica de lemn Rozavlea, jud. Maramure\u015f<br \/>\n32. Biserica Reformat\u0103 de zid\u0103rie Mineu, jud. S\u0103laj<br \/>\n33.Biserica de lemn Letca, jud. S\u0103laj<br \/>\n34. Biserica de lemn Copalnic M\u0103n\u0103\u0219tur, jud. Maramure\u015f<br \/>\n35. Biserica de zid\u0103rie D\u00e2rjiu , Jud. Harghita<br \/>\n36. Biserica de lemn Zolt , jud. Timi\u0219<br \/>\n37. Biserica de lemn Poieni, jud. Timi\u0219<br \/>\n38. Biserica de lemn Margina, jud. Timi\u0219<br \/>\n39. Biserica de lemn B\u0103te\u0219ti, jud. Timi\u0219<br \/>\n40. Biserica de zid\u0103rie Istria, jud. Constan\u021ba<br \/>\n41. Biserica de lemn \u201dDuminica Tuturor Sfin\u021bilor\u201d Sf. Ioan, com. Voine\u0219ti, jud. D\u00e2mbovi\u021ba<br \/>\n42. Biserica de zid &#8211; Parohia Suduleni, comuna Voine\u0219ti, jud. D\u00e2mbovi\u021ba,<br \/>\n43. Biserica de lemn Buze\u0219ti, com. F\u0103rca\u0219a, jud. Maramure\u0219<br \/>\n44. Biserica de lemn Poarta S\u0103lajului, jud S\u0103laj<br \/>\n45. Biserica de lemn din Chechi\u0219, Muzeul Satului \u2013 jud. Maramure\u0219<br \/>\n46. Biserica de zid Sf. Arh. Mihail \u2013 com. Copalnic M\u0103n\u0103\u0219tur, jud. Maramure\u0219<\/p>\n\n\t\t<\/div>\n\t<\/div>\n<\/div><\/div><\/div><\/div><div class=\"vc_row wpb_row vc_row-fluid\"><div class=\"wpb_column vc_column_container vc_col-sm-1\/5\"><div class=\"vc_column-inner\"><div class=\"wpb_wrapper\"><\/div><\/div><\/div><div class=\"wpb_column vc_column_container vc_col-sm-4\/5\"><div class=\"vc_column-inner\"><div class=\"wpb_wrapper\">\n\t<div class=\"wpb_text_column wpb_content_element\" >\n\t\t<div class=\"wpb_wrapper\">\n\t\t\t<h2 style=\"text-align: left;\"><strong><span style=\"color: #82af38;\">NEW WOODEN CHURCHES<\/span><\/strong><\/h2>\n<p>01. Biserica de lemn pentru Comunitatea Rom\u00e2nilor din ELVE\u0162IA<br \/>\n02. Biserica de lemn VATICAN<br \/>\n03. Biserica de lemn BUCURE\u015eTI \u2013 BUFTEA<br \/>\n04. Biserica de lemn BUCURE\u015eTI \u2013 SPITAL SF. IOAN<br \/>\n05. Biserica de lemn TURCENI \u2013 GORJ<br \/>\n06. Capela de lemn BAIA SPRIE \u2013 MARAMURE\u015e<br \/>\n07. Biserica de lemn ORADEA \u2013 FUNDA\u0162IA SF.M. M. GHEORGHE<br \/>\n08. Biserica de lemn BUCURE\u015eTI \u2013 ACADEMIA DE \u00ceNALTE STUDII MILITARE<br \/>\n09. Biserica de lemn BRA\u015eOV \u2013 ACADEMIA FOR\u0162ELOR AERIENE<br \/>\n10. Biserica de lemn BISTRI\u0162A- FUNDA\u0162IA SF. M.Mc. GHEORGHE<br \/>\n11. Biserica de lemn FOC\u015eANI \u2013 FUNDA\u0162IA \u201cCAPELA MILITAR\u0102 SF\u00c2NTUL PROOROC ILIE\u201d &#8211; UM 01270<br \/>\n12. Biserica de lemn R\u00c2NCA<br \/>\n13. Biserica de lemn CERNAVOD\u0102 &#8211; \u201cSF\u00c2NTUL APOSTOL ANDREI\u201d.<br \/>\n14. Biserica din lemn TULCEA<br \/>\n15. Biserica de lemn IA\u0218I<br \/>\n16. Biserica de lemn BAC\u0102U<br \/>\n17. Biserica de lemn BOR\u0218A, jud. Maramure\u015f<br \/>\n18. Capela de lemn Cimitirul Str\u0103ule\u0219ti \u2013 Bucure\u0219ti<br \/>\n19. Capela de lemn Cimitirul Domne\u0219ti &#8211; Bucure\u0219ti<br \/>\n20. Biserica de lemn MANGALIA<br \/>\n21. Biserica de lemn MIZIL<br \/>\n22. Biserica de lemn BUCURE\u0218TI<br \/>\n23. Biserica de lemn Chi\u0219in\u0103u Moldova<br \/>\n24. Biserica de lemn Moine\u0219ti<br \/>\n25. Biserica de lemn Roman<br \/>\n26. Biserica de lemn Cluj (3 buc)<br \/>\n27. Biserica de lemn Prundu Barg\u0103ului<br \/>\n28. Biserica de lemn Varviz<br \/>\n29. Biserica de lemn Com\u0103ne\u0219ti<br \/>\n30. Biserica de lemn \u015eimleul Silvaniei<br \/>\n31. Biserica de lemn Boroaia- jud. Suceava<br \/>\n32. Biserica de lemn Cior\u0103\u0219ti \u2013 jud. Vrancea<br \/>\n33. Biserica de lemn Cern\u0103u\u021bi \u2013 Ucraina (3 buc)<br \/>\n34. Biserica de lemn Nicolae B\u0103lcescu<br \/>\n35. Biserica de lemn T\u00e2rgu Neam\u021b<br \/>\n36. Biserica de lemn Parohia Ortodox\u0103 Rom\u00e2n\u0103 Soconzel<br \/>\n37. Biserica de zid greco\u2014catolic\u0103 \u0218urde\u0219ti- jud. Maramure\u0219<\/p>\n\n\t\t<\/div>\n\t<\/div>\n<\/div><\/div><\/div><\/div><div class=\"vc_row wpb_row vc_row-fluid\"><div class=\"wpb_column vc_column_container vc_col-sm-1\/5\"><div class=\"vc_column-inner\"><div class=\"wpb_wrapper\"><\/div><\/div><\/div><div class=\"wpb_column vc_column_container vc_col-sm-4\/5\"><div class=\"vc_column-inner\"><div class=\"wpb_wrapper\">\n\t<div class=\"wpb_text_column wpb_content_element\" >\n\t\t<div class=\"wpb_wrapper\">\n\t\t\t<h2 style=\"text-align: left;\"><strong><span style=\"color: #82af38;\">TURNKEY WORKS<\/span><\/strong><\/h2>\n<p>01. S.C. Aurul S.A. soc rom\u00e2no \u2013 australian\u0103: 3 case, sediu administrativ, laborator, gheret\u0103 poart\u0103.<br \/>\n02. Sediu administrativ Itinera, soc. rom\u00e2no \u2013 italian\u0103 &#8211; Cluj<br \/>\n03. Sediu administrativ Lagermax Autotransport, soc. rom\u00e2no \u2013 austriac\u0103 \u2013 Curtici<br \/>\n04. Cas\u0103 din zid\u0103rie \u2013 \u015eomcuta Mare<br \/>\n05. Cas\u0103 de lemn &#8211; C\u00e2mpina<br \/>\n06. Cas\u0103 de lemn \u2013 Predeal<br \/>\n07. Orfelinatul rom\u00e2no \u2013 englez, Baia Mare<br \/>\n08. Benzin\u0103ria ARAL \u2013 Baia Mare<br \/>\n09. Cas\u0103 de lemn \u2013 Baia Mare<br \/>\n10. Cas\u0103 de lemn \u2013 Baia Mare<br \/>\n11. Case din lemn masiv \u2013 Germania, Austria, Spania, Fran\u021ba, Belgia, Italia,Elve\u021bia<br \/>\n12. C\u0103su\u0163e de vacan\u0163\u0103 \u2013 Spania<br \/>\n13. Magazin universal BASA \u2013 Baia Mare<br \/>\n14. Pia\u021ba Agroalimentar\u0103 PROFI &#8211; Cluj<\/p>\n\n\t\t<\/div>\n\t<\/div>\n<\/div><\/div><\/div><\/div><div class=\"vc_row wpb_row vc_row-fluid\"><div class=\"wpb_column vc_column_container vc_col-sm-1\/5\"><div class=\"vc_column-inner\"><div class=\"wpb_wrapper\"><\/div><\/div><\/div><div class=\"wpb_column vc_column_container vc_col-sm-4\/5\"><div class=\"vc_column-inner\"><div class=\"wpb_wrapper\">\n\t<div class=\"wpb_text_column wpb_content_element\" >\n\t\t<div class=\"wpb_wrapper\">\n\t\t\t<h2 style=\"text-align: left;\"><strong><span style=\"color: #82af38;\">OTHER RENOVATION WORKS<\/span><\/strong><\/h2>\n<p class=\" translation-block\">01. RENOVATION - SC MARACARN SA \u2013 BAIA MARE<br>\n02. RENOVATION - food trading facilities - SC PRODALIMENT SA \u2013 Baia Mare<br>\n03. RENOVATION - shops - ELVILA<br>\n04. Interior design \u2013 night bar, Bucure\u015fti Hotel \u2013 Baia Mare<br>\n05. Repairs, wall paintings and plateworks. School of Satu Nou de Jos, School of Gro\u015fi and Community Centre of Gro\u015fi<br>\n06. RENOVATION \u2013 facilities - ROMTELECOM<br>\n07. Interior design - SELECT restaurant \u2013 Baia Mare<br>\n08. Internal finishings \u2013 slaughter house - SALAMANDRA<br><\/p>\n\n\t\t<\/div>\n\t<\/div>\n<\/div><\/div><\/div><\/div><div class=\"vc_row wpb_row vc_row-fluid\"><div class=\"wpb_column vc_column_container vc_col-sm-12\"><div class=\"vc_column-inner\"><div class=\"wpb_wrapper\">\n\t<div class=\"wpb_text_column wpb_content_element\" >\n\t\t<div class=\"wpb_wrapper\">\n\t\t\t\n\t\t<\/div>\n\t<\/div>\n<\/div><\/div><\/div><\/div><div data-vc-full-width=\"true\" data-vc-full-width-init=\"false\" class=\"vc_row wpb_row vc_row-fluid vc_custom_1584695155079 vc_row-has-fill\"><div class=\"wpb_column vc_column_container vc_col-sm-12\"><div class=\"vc_column-inner\"><div class=\"wpb_wrapper\"><section class=\"vc_cta3-container\"><div class=\"vc_general vc_cta3 vc_cta3-style-outline vc_cta3-shape-square vc_cta3-align-center vc_cta3-color-white vc_cta3-icon-size-md vc_cta3-actions-bottom\"><div class=\"vc_cta3_content-container\"><div class=\"vc_cta3-content\"><header class=\"vc_cta3-content-header\"><h2>Do you want to start a project?<\/h2><\/header><p>Tell us a few details about what you want and we will give you an estimate in the shortest time.<\/p>\n<\/div><div class=\"vc_cta3-actions\"><div class=\"vc_btn3-container vc_btn3-center\" ><a class=\"vc_general vc_btn3 vc_btn3-size-md vc_btn3-shape-square vc_btn3-style-outline vc_btn3-color-white\" href=\"https:\/\/rustic.ro\/en\/form\/\" title=\"\">Request for quotation<\/a><\/div><\/div><\/div><\/div><\/section><\/div><\/div><\/div><\/div><div class=\"vc_row-full-width vc_clearfix\"><\/div>","protected":false},"excerpt":{"rendered":"Portofoliu LUCR\u0102RI DE RENOVARE \u015eI RESTAURARE 01. Centru de primire \u015fi \u00eengrijire a copilului \u2013 Hope and Home for Children Baia Mare, Rom\u00e2nia 02. Restaur\u0103ri \u015fi consolid\u0103ri la castelul TELEKY din Pribile\u015fti, jud. Maramure\u015f (monument istoric); 03. Restaur\u0103ri \u015fi consolid\u0103ri la castelul Satulung, jud. Maramure\u015f (monument istoric); 04. Restaur\u0103ri \u015fi consolid\u0103ri la Cetatea Oradea (monument [...]","protected":false},"author":1,"featured_media":0,"parent":0,"menu_order":0,"comment_status":"closed","ping_status":"closed","template":"template-contacts.php","meta":{"_mi_skip_tracking":false},"yst_prominent_words":[],"_links":{"self":[{"href":"https:\/\/rustic.ro\/en\/wp-json\/wp\/v2\/pages\/1181"}],"collection":[{"href":"https:\/\/rustic.ro\/en\/wp-json\/wp\/v2\/pages"}],"about":[{"href":"https:\/\/rustic.ro\/en\/wp-json\/wp\/v2\/types\/page"}],"author":[{"embeddable":true,"href":"https:\/\/rustic.ro\/en\/wp-json\/wp\/v2\/users\/1"}],"replies":[{"embeddable":true,"href":"https:\/\/rustic.ro\/en\/wp-json\/wp\/v2\/comments?post=1181"}],"version-history":[{"count":5,"href":"https:\/\/rustic.ro\/en\/wp-json\/wp\/v2\/pages\/1181\/revisions"}],"predecessor-version":[{"id":2620,"href":"https:\/\/rustic.ro\/en\/wp-json\/wp\/v2\/pages\/1181\/revisions\/2620"}],"wp:attachment":[{"href":"https:\/\/rustic.ro\/en\/wp-json\/wp\/v2\/media?parent=1181"}],"wp:term":[{"taxonomy":"yst_prominent_words","embeddable":true,"href":"https:\/\/rustic.ro\/en\/wp-json\/wp\/v2\/yst_prominent_words?post=1181"}],"curies":[{"name":"wp","href":"https:\/\/api.w.org\/{rel}","templated":true}]}}