{"id":1152,"date":"2020-01-29T16:00:43","date_gmt":"2020-01-29T16:00:43","guid":{"rendered":"https:\/\/rustic.ro\/?page_id=1152"},"modified":"2021-08-24T12:33:41","modified_gmt":"2021-08-24T12:33:41","slug":"istoric","status":"publish","type":"page","link":"https:\/\/rustic.ro\/en\/history\/","title":{"rendered":"History"},"content":{"rendered":"<div class=\"vc_row wpb_row vc_row-fluid\"><div class=\"wpb_column vc_column_container vc_col-sm-12\"><div class=\"vc_column-inner\"><div class=\"wpb_wrapper\">\n\n    <main\n            class=\"page-header-3\"  >\n        <div class=\"container\">\n            <div class=\"row\">\n                <div class=\"col-md-3\">\n                    <div class=\"title-hr\"><\/div>\n                <\/div>\n                <div class=\"col-md-8 col-lg-6\"><h1>HISTORY<\/h1><\/div>\n            <\/div>\n        <\/div>\n    <\/main>\n\t<\/div><\/div><\/div><\/div><div class=\"vc_row wpb_row vc_row-fluid\"><div class=\"wpb_column vc_column_container vc_col-sm-3\"><div class=\"vc_column-inner\"><div class=\"wpb_wrapper\"><\/div><\/div><\/div><div class=\"wpb_column vc_column_container vc_col-sm-6\"><div class=\"vc_column-inner\"><div class=\"wpb_wrapper\">\n\t<div class=\"wpb_text_column wpb_content_element\" >\n\t\t<div class=\"wpb_wrapper\">\n\t\t\t<p style=\"text-align: left;\"><strong><span style=\"color: #82af38;\">Rustic<\/span><\/strong>\u00a0\u2019s task is to hearten wood. We professionally build family homes, holiday homes, wooden traditional churches from the Maramures region, chapels, we restore old buildings and historic monuments. We produce layered wood joinery with double glazed windows, and also different wooden utility structures.<\/p>\n<p style=\"text-align: left;\">RUSTIC\u00a0<span style=\"color: #82af38;\"><strong>company<\/strong><\/span>, \u00eenfiin\u0163at\u0103 \u00een anul 1991, este prima firm\u0103 din grup care s-a materializat ca urmare a unui g\u00e2nd \u00eendr\u0103zne\u0163 \u015fi a voin\u0163ei fondatorului, dl. Cu\u015fner Cornel. Av\u00e2nd la acel moment ca obiect principal de activitate <span style=\"color: #82af38;\"><strong>restoration of historic monuments<\/strong><\/span>but gradually, the company broadened its activity area and started, with safe steps, the production of homes and cottages made of wood and also of classical wooden joinery. In 1997 the company has purchased a real estate (land + administration block + workshops) located in Baia Mare, str. Victoriei nr.136A with a total surface of 8.840 sqm., where after reinvesting the profit in equipment, the company experienced constant development.<\/p>\n<p style=\"text-align: left;\">Starting with 2010, Rustic has specialized in the production of\u00a0<span style=\"color: #82af38;\"><strong>layered wood joinery with double glazed windows, internal cell structure doors and all types of wooden stairways.<\/strong>.<\/span><\/p>\n<p style=\"text-align: left;\">The main scope of business also includes\u00a0<span style=\"color: #82af38;\"><strong>the construction of wooden houses and cottages, pergolas, industrial halls, garden furniture, restauration of historical monuments made of wood or masonry.<\/strong>.<\/span><\/p>\n<p style=\"text-align: left;\">Dezvolt\u00e2ndu-se continuu, dorind \u015fi reu\u015find s\u0103 se impun\u0103, Rustic a reusit sa atraga at\u00e2t pia\u0163a intern\u0103 c\u00e2t \u015fi cea extern\u0103, prin calitatea execu\u0163iei caselor din lemn, c\u0103su\u0163elor de vacan\u0163\u0103, a minunatelor biserci din lemn \u00een stil maramure\u015fan, precum \u015fi prin alte amenaj\u0103ri din lemn, reu\u015find ca \u00een scurt timp s\u0103 devin\u0103 un lider zonal \u00een ceea ce prive\u015fte construc\u0163iile din lemn si restaur\u0103rile monumentelor istorice.<\/p>\n<p style=\"text-align: left;\">The greatest number of wooden houses (<span style=\"color: #82af38;\"><strong>60-70%<\/strong><\/span>) is being\u00a0<span style=\"color: #82af38;\"><strong>exported<\/strong><\/span>\u00a0to established markets such as France, Belgium, Switzerland, Italy, Austria, also seeking to introduce our products to new markets.<\/p>\n<p style=\"text-align: left;\">Pentru a face fa\u0163\u0103 cu succes \u00een execu\u0163ia \u015fi restaurarea \u201e<span style=\"color: #82af38;\"><strong>wooden churches in the traditional style of the Maramure\u015f region<\/strong><\/span>\u201d s-a trecut la specializarea \u00een domeniu a unor tineri lemnari, ace\u015ftia fiind grupa\u0163i \u00een jurul unor me\u015fteri populari de renume, prelu\u00e2nd \u015fi duc\u00e2nd astfel tradi\u0163ia me\u015fte\u015fugului \u00een lemn. Rustic a realizat un num\u0103r de 40 de biserici noi din lemn \u015fi a restaurat 60 de biserici, dezvolt\u00e2ndu-se continuu \u015fi reu\u015find s\u0103 se impun\u0103 datorit\u0103 calit\u0103\u0163ii lucr\u0103rilor.<\/p>\n<p style=\"text-align: left;\">Ca proiecte de suflet si identitate cultural\u0103, reamintim: restaurarea a o parte din crucile Cimitirului Vesel de la S\u0103p\u00e2n\u0163a \u2013a c\u0103rei valoare artistic\u0103 este recunoscut\u0103 pe plan interna\u0163ional \u015fi declarat patrimoniu UNESCO, reabilitarea Pie\u021bei Cet\u0103\u021bii \u0219i Turnul \u0218tefan din Baia Mare; Restaurarea monumentului Bastionul M\u0103celarilor din Baia Mare; Construc\u021bia unei biserici maramure\u0219ene din lemn \u00een Geneva; Restaurarea Ecluzei de la Timi\u0219oara.<\/p>\n<p style=\"text-align: left;\">Rustic Construct is authorized by the\u00a0<span style=\"color: #82af38;\"><strong>Ministerul Culturii \u0219i Patrimoniului Na\u0163ional<\/strong><\/span> pentru lucr\u0103rile de restaurare arhitectur\u0103, inginerie-consolidare \u015fi restaurare structuri monumente istorice, iar \u00een anul 2016 a luat premiul cel mai mare la Trienala de Restaurare, pentru lucrarea \u201cPia\u021ba Cet\u0103\u021bii \u0219i Turnul \u0218tefan\u201d, unde firma Rustic a fost antreprenor general. Acest premiu prestigios a fost \u00eenm\u00e2nat de c\u0103tre Uniunea Na\u021bional\u0103 a Restauratorilor de Monumente Istorice.<\/p>\n\n\t\t<\/div>\n\t<\/div>\n<\/div><\/div><\/div><div class=\"wpb_column vc_column_container vc_col-sm-3\"><div class=\"vc_column-inner\"><div class=\"wpb_wrapper\"><\/div><\/div><\/div><\/div><div class=\"vc_row wpb_row vc_row-fluid\"><div class=\"wpb_column vc_column_container vc_col-sm-12\"><div class=\"vc_column-inner\"><div class=\"wpb_wrapper\">\n\n    <section\n            class=\"section-clients section bg-dots\"  >\n        <div class=\"container\">\n            <h2 class=\"section-title\">Certific\u0103ri<\/h2>\n            <div class=\"client-carousel owl-carousel\">\n\t\t\t\t\n                        <div class=\"client-carousel-item\">\n\t\t\t\t\t\t\t                            <div class=\"client-box\">\n\t\t\t\t\t\t\t\t                                <div class=\"client-title\">\n\t\t\t\t\t\t\t\t\t                                        <span class=\"client-name\">SR EN ISO 9001:2008 Quality Management System<\/span>\n\t\t\t\t\t\t\t\t\t\t\t\t\t\t\t\t\t\t\t                                        <span\n                                                class=\"client-company\">CERTIND certified<\/span>\n\t\t\t\t\t\t\t\t\t\t                                <\/div>\n                                <p class=\"client-description\"><\/p>\n                            <\/div>\n                        <\/div>\n\t\t\t\t\t\n                        <div class=\"client-carousel-item\">\n\t\t\t\t\t\t\t                            <div class=\"client-box\">\n\t\t\t\t\t\t\t\t                                <div class=\"client-title\">\n\t\t\t\t\t\t\t\t\t                                        <span class=\"client-name\">SR EN ISO 14001:2005, Environmental Management System<\/span>\n\t\t\t\t\t\t\t\t\t\t\t\t\t\t\t\t\t\t\t                                        <span\n                                                class=\"client-company\">CERTIND certified<\/span>\n\t\t\t\t\t\t\t\t\t\t                                <\/div>\n                                <p class=\"client-description\"><\/p>\n                            <\/div>\n                        <\/div>\n\t\t\t\t\t\n                        <div class=\"client-carousel-item\">\n\t\t\t\t\t\t\t                            <div class=\"client-box\">\n\t\t\t\t\t\t\t\t                                <div class=\"client-title\">\n\t\t\t\t\t\t\t\t\t                                        <span class=\"client-name\">CE CERTIFICATE FOR FACTORY PRODUCTION CONTROL <\/span>\n\t\t\t\t\t\t\t\t\t\t\t\t\t\t\t\t\t\t\t                                        <span\n                                                class=\"client-company\">CERTIND certified<\/span>\n\t\t\t\t\t\t\t\t\t\t                                <\/div>\n                                <p class=\"client-description\"><\/p>\n                            <\/div>\n                        <\/div>\n\t\t\t\t\t\n                        <div class=\"client-carousel-item\">\n\t\t\t\t\t\t\t                            <div class=\"client-box\">\n\t\t\t\t\t\t\t\t                                <div class=\"client-title\">\n\t\t\t\t\t\t\t\t\t                                        <span class=\"client-name\">SPECIALIST CERTIFICATE IN THE FOLLOWING AREAS:<\/span>\n\t\t\t\t\t\t\t\t\t\t\t\t\t\t\t\t\t\t\t                                        <span\n                                                class=\"client-company\">CERTIND certified<\/span>\n\t\t\t\t\t\t\t\t\t\t                                <\/div>\n                                <p class=\"client-description\">1 \u2013 Architectural restoration;\n4 \u2013 Engineering \u2013 reinforcement and\/or restoration of historic structures;\nE \u2013 Performance of works;\nF \u2013 Supervision of works;\nG \u2013 Continuous inspection and monitoring of the state of historic monuments.<\/p>\n                            <\/div>\n                        <\/div>\n\t\t\t\t\t            <\/div>\n            <div class=\"partner-carousel owl-carousel\">\n\t\t\t\t                        <div class=\"partner-carousel-item\">\n\n\t\t\t\t\t\t                            <img alt=\"\" src=\"https:\/\/rustic.ro\/wp-content\/uploads\/2020\/01\/ISO1.jpg\">\n                            <\/div>\n\t\t\t\t\t\t                        <div class=\"partner-carousel-item\">\n\n\t\t\t\t\t\t                            <img alt=\"\" src=\"https:\/\/rustic.ro\/wp-content\/uploads\/2020\/01\/ISO2.jpg\">\n                            <\/div>\n\t\t\t\t\t\t                        <div class=\"partner-carousel-item\">\n\n\t\t\t\t\t\t                            <img alt=\"\" src=\"https:\/\/rustic.ro\/wp-content\/uploads\/2020\/01\/ISO3.jpg\">\n                            <\/div>\n\t\t\t\t\t\t                        <div class=\"partner-carousel-item\">\n\n\t\t\t\t\t\t                            <img alt=\"\" src=\"https:\/\/rustic.ro\/wp-content\/uploads\/2020\/01\/ISO4.jpg\">\n                            <\/div>\n\t\t\t\t\t\t            <\/div>\n        <\/div>\n    <\/section>\n\n\t<\/div><\/div><\/div><\/div><div class=\"vc_row wpb_row vc_row-fluid\"><div class=\"wpb_column vc_column_container vc_col-sm-12\"><div class=\"vc_column-inner\"><div class=\"wpb_wrapper\">\n\t<div class=\"wpb_text_column wpb_content_element\" >\n\t\t<div class=\"wpb_wrapper\">\n\t\t\t\n\t\t<\/div>\n\t<\/div>\n<\/div><\/div><\/div><\/div><div data-vc-full-width=\"true\" data-vc-full-width-init=\"false\" class=\"vc_row wpb_row vc_row-fluid vc_custom_1584695155079 vc_row-has-fill\"><div class=\"wpb_column vc_column_container vc_col-sm-12\"><div class=\"vc_column-inner\"><div class=\"wpb_wrapper\"><section class=\"vc_cta3-container\"><div class=\"vc_general vc_cta3 vc_cta3-style-outline vc_cta3-shape-square vc_cta3-align-center vc_cta3-color-white vc_cta3-icon-size-md vc_cta3-actions-bottom\"><div class=\"vc_cta3_content-container\"><div class=\"vc_cta3-content\"><header class=\"vc_cta3-content-header\"><h2>Do you want to start a project?<\/h2><\/header><p>Tell us a few details about what you want and we will give you an estimate in the shortest time.<\/p>\n<\/div><div class=\"vc_cta3-actions\"><div class=\"vc_btn3-container vc_btn3-center\" ><a class=\"vc_general vc_btn3 vc_btn3-size-md vc_btn3-shape-square vc_btn3-style-outline vc_btn3-color-white\" href=\"https:\/\/rustic.ro\/en\/form\/\" title=\"\">Request for quotation<\/a><\/div><\/div><\/div><\/div><\/section><\/div><\/div><\/div><\/div><div class=\"vc_row-full-width vc_clearfix\"><\/div>","protected":false},"excerpt":{"rendered":"ISTORIC Rustic\u00a0d\u0103 suflet lemnului. Construim cu profesionalism locuin\u0163e familiale, case de vacan\u0163\u0103, biserici \u00een stil maramure\u015fean din lemn, capele, restaur\u0103m cl\u0103diri vechi \u015fi monumente istorice. Producem t\u00e2mpl\u0103rie din lemn stratificat cu geam termopan \u015fi avem \u00een portofoliu construc\u0163ii industriale \u015fi structuri utilitare diverse realizate din lemn. Compania\u00a0RUSTIC, \u00eenfiin\u0163at\u0103 \u00een anul 1991, este prima firm\u0103 din [...]","protected":false},"author":1,"featured_media":0,"parent":0,"menu_order":0,"comment_status":"closed","ping_status":"closed","template":"template-contacts.php","meta":{"_mi_skip_tracking":false},"yst_prominent_words":[],"_links":{"self":[{"href":"https:\/\/rustic.ro\/en\/wp-json\/wp\/v2\/pages\/1152"}],"collection":[{"href":"https:\/\/rustic.ro\/en\/wp-json\/wp\/v2\/pages"}],"about":[{"href":"https:\/\/rustic.ro\/en\/wp-json\/wp\/v2\/types\/page"}],"author":[{"embeddable":true,"href":"https:\/\/rustic.ro\/en\/wp-json\/wp\/v2\/users\/1"}],"replies":[{"embeddable":true,"href":"https:\/\/rustic.ro\/en\/wp-json\/wp\/v2\/comments?post=1152"}],"version-history":[{"count":2,"href":"https:\/\/rustic.ro\/en\/wp-json\/wp\/v2\/pages\/1152\/revisions"}],"predecessor-version":[{"id":2615,"href":"https:\/\/rustic.ro\/en\/wp-json\/wp\/v2\/pages\/1152\/revisions\/2615"}],"wp:attachment":[{"href":"https:\/\/rustic.ro\/en\/wp-json\/wp\/v2\/media?parent=1152"}],"wp:term":[{"taxonomy":"yst_prominent_words","embeddable":true,"href":"https:\/\/rustic.ro\/en\/wp-json\/wp\/v2\/yst_prominent_words?post=1152"}],"curies":[{"name":"wp","href":"https:\/\/api.w.org\/{rel}","templated":true}]}}